{"id":3114,"date":"2023-05-08T18:41:40","date_gmt":"2023-05-08T18:41:40","guid":{"rendered":"https:\/\/mueblesitalianos.com\/site\/?post_type=product&#038;p=3114"},"modified":"2023-10-28T04:37:07","modified_gmt":"2023-10-28T04:37:07","slug":"valentino-at-the-emperors-table","status":"publish","type":"product","link":"https:\/\/mueblesitalianos.com\/site\/producto\/valentino-at-the-emperors-table\/","title":{"rendered":"VALENTINO: AT THE EMPERORS TABLE"},"content":{"rendered":"<p>Como escribe el editor de moda y amigo Andr\u00e9 Leon Talley en la introducci\u00f3n: &#8220;Valentino Garavani dise\u00f1a sus almuerzos y cenas, en todos sus hogares, de la forma en que ha creado crescendos y allegros vivace a lo largo de sus m\u00e1s de cuarenta a\u00f1os de carrera como uno de los mejores dise\u00f1adores de alta costura y l\u00edderes de alta costura del mundo&#8221;.<\/p>\n<p>La belleza y el entretenimiento han sido durante mucho tiempo las pasiones de Valentino. &#8220;Estoy enamorado de la belleza&#8221;, admite en la apertura del libro. &#8220;Siempre me han gustado los objetos hermosos&#8221;. Aunque m\u00e1s all\u00e1 de los objetos de arte tangibles alojados en cada una de sus residencias, la excelencia de Valentino como anfitri\u00f3n se define por la calidez y la alegr\u00eda que crea para sus hu\u00e9spedes.<\/p>\n","protected":false},"excerpt":{"rendered":"<p>Como escribe el editor de moda y amigo Andr\u00e9 Leon Talley en la introducci\u00f3n: &#8220;Valentino Garavani dise\u00f1a sus almuerzos y cenas, en todos sus hogares, de la forma en que ha creado crescendos y allegros vivace a lo largo de sus m\u00e1s de cuarenta a\u00f1os de carrera como uno de los mejores dise\u00f1adores de alta costura y l\u00edderes de alta costura del mundo&#8221;.<\/p>\n","protected":false},"featured_media":3115,"template":"","meta":{"_joinchat":[]},"product_cat":[90],"product_tag":[],"class_list":{"0":"post-3114","1":"product","2":"type-product","3":"status-publish","4":"has-post-thumbnail","6":"product_cat-assouline","8":"first","9":"instock","10":"shipping-taxable","11":"purchasable","12":"product-type-simple"},"aioseo_notices":[],"_links":{"self":[{"href":"https:\/\/mueblesitalianos.com\/site\/wp-json\/wp\/v2\/product\/3114","targetHints":{"allow":["GET"]}}],"collection":[{"href":"https:\/\/mueblesitalianos.com\/site\/wp-json\/wp\/v2\/product"}],"about":[{"href":"https:\/\/mueblesitalianos.com\/site\/wp-json\/wp\/v2\/types\/product"}],"wp:featuredmedia":[{"embeddable":true,"href":"https:\/\/mueblesitalianos.com\/site\/wp-json\/wp\/v2\/media\/3115"}],"wp:attachment":[{"href":"https:\/\/mueblesitalianos.com\/site\/wp-json\/wp\/v2\/media?parent=3114"}],"wp:term":[{"taxonomy":"product_cat","embeddable":true,"href":"https:\/\/mueblesitalianos.com\/site\/wp-json\/wp\/v2\/product_cat?post=3114"},{"taxonomy":"product_tag","embeddable":true,"href":"https:\/\/mueblesitalianos.com\/site\/wp-json\/wp\/v2\/product_tag?post=3114"}],"curies":[{"name":"wp","href":"https:\/\/api.w.org\/{rel}","templated":true}]}}