{"id":3117,"date":"2023-05-08T18:44:59","date_gmt":"2023-05-08T18:44:59","guid":{"rendered":"https:\/\/mueblesitalianos.com\/site\/?post_type=product&#038;p=3117"},"modified":"2023-10-28T04:42:29","modified_gmt":"2023-10-28T04:42:29","slug":"jaipur-splendor","status":"publish","type":"product","link":"https:\/\/mueblesitalianos.com\/site\/producto\/jaipur-splendor\/","title":{"rendered":"JAIPUR SPLENDOR"},"content":{"rendered":"<p>Una delicada mezcla de lo antiguo y lo nuevo, Jaipur es una ciudad vibrante llena de energ\u00eda, color y grandeza. Con una historia de maharaj\u00e1s, emperadores y reinas, la capital del estado de Rajast\u00e1n tiene una herencia prestigiosa y una estima que contin\u00faa hasta el d\u00eda de hoy. El Palacio de la Ciudad, un extenso complejo de edificios y patios, es un testimonio de la magnificencia de Jaipur y todav\u00eda act\u00faa como el hogar de la antigua familia real. El impresionante e intrincado Hawa Mahal, compuesto de arenisca rosa y naranja, ayuda a dar a Jaipur su apodo, &#8220;la Ciudad Rosa&#8221;.<\/p>\n","protected":false},"excerpt":{"rendered":"<p>Una delicada mezcla de lo antiguo y lo nuevo, Jaipur es una ciudad vibrante llena de energ\u00eda, color y grandeza.<\/p>\n","protected":false},"featured_media":3118,"template":"","meta":{"_joinchat":[]},"product_cat":[90],"product_tag":[],"class_list":{"0":"post-3117","1":"product","2":"type-product","3":"status-publish","4":"has-post-thumbnail","6":"product_cat-assouline","8":"first","9":"instock","10":"shipping-taxable","11":"purchasable","12":"product-type-simple"},"aioseo_notices":[],"_links":{"self":[{"href":"https:\/\/mueblesitalianos.com\/site\/wp-json\/wp\/v2\/product\/3117","targetHints":{"allow":["GET"]}}],"collection":[{"href":"https:\/\/mueblesitalianos.com\/site\/wp-json\/wp\/v2\/product"}],"about":[{"href":"https:\/\/mueblesitalianos.com\/site\/wp-json\/wp\/v2\/types\/product"}],"wp:featuredmedia":[{"embeddable":true,"href":"https:\/\/mueblesitalianos.com\/site\/wp-json\/wp\/v2\/media\/3118"}],"wp:attachment":[{"href":"https:\/\/mueblesitalianos.com\/site\/wp-json\/wp\/v2\/media?parent=3117"}],"wp:term":[{"taxonomy":"product_cat","embeddable":true,"href":"https:\/\/mueblesitalianos.com\/site\/wp-json\/wp\/v2\/product_cat?post=3117"},{"taxonomy":"product_tag","embeddable":true,"href":"https:\/\/mueblesitalianos.com\/site\/wp-json\/wp\/v2\/product_tag?post=3117"}],"curies":[{"name":"wp","href":"https:\/\/api.w.org\/{rel}","templated":true}]}}