{"id":3145,"date":"2023-06-02T19:31:45","date_gmt":"2023-06-02T19:31:45","guid":{"rendered":"https:\/\/mueblesitalianos.com\/site\/?post_type=product&#038;p=3145"},"modified":"2023-10-28T04:45:08","modified_gmt":"2023-10-28T04:45:08","slug":"tuscany-marvel","status":"publish","type":"product","link":"https:\/\/mueblesitalianos.com\/site\/producto\/tuscany-marvel\/","title":{"rendered":"Tuscany Marvel"},"content":{"rendered":"<p>La regi\u00f3n italiana de la Toscana es un fest\u00edn para todos los sentidos. Una incubadora creativa que ha cultivado el arte y la arquitectura para \u00e9pocas como la etrusca, la romana, el renacentista y la \u00e9poca moderna. Las iglesias desgastadas por el tiempo, que una vez se detienen en los Grandes Tours del siglo XIX, se paran en las plazas de la ciudad. Las colinas de trigo y los coloridos olivares, que inspiran la aut\u00e9ntica cocina toscana, est\u00e1n salpicados de villas construidas por la prestigiosa familia Medici. El mar Tirreno se extiende sobre su costa, bordeando la orilla del Elba, la isla donde fue exiliado el emperador Napole\u00f3n. <\/p>\n","protected":false},"excerpt":{"rendered":"<p>En el mundo de la moda, Ferragamo, Gucci y Pucci tienen v\u00ednculos con Florencia y su interminable inspiraci\u00f3n. Sin embargo, lo que realmente define a la Toscana es su atemporalidad. Las obras maestras de siglos pasados todav\u00eda atrajeron a inmensas multitudes. La c\u00fapula de Brunelleschi en Florencia nunca deja de golpear con asombro a los espectadores.<\/p>\n","protected":false},"featured_media":3132,"template":"","meta":{"_joinchat":[]},"product_cat":[90],"product_tag":[],"class_list":{"0":"post-3145","1":"product","2":"type-product","3":"status-publish","4":"has-post-thumbnail","6":"product_cat-assouline","8":"first","9":"instock","10":"shipping-taxable","11":"purchasable","12":"product-type-simple"},"aioseo_notices":[],"_links":{"self":[{"href":"https:\/\/mueblesitalianos.com\/site\/wp-json\/wp\/v2\/product\/3145","targetHints":{"allow":["GET"]}}],"collection":[{"href":"https:\/\/mueblesitalianos.com\/site\/wp-json\/wp\/v2\/product"}],"about":[{"href":"https:\/\/mueblesitalianos.com\/site\/wp-json\/wp\/v2\/types\/product"}],"wp:featuredmedia":[{"embeddable":true,"href":"https:\/\/mueblesitalianos.com\/site\/wp-json\/wp\/v2\/media\/3132"}],"wp:attachment":[{"href":"https:\/\/mueblesitalianos.com\/site\/wp-json\/wp\/v2\/media?parent=3145"}],"wp:term":[{"taxonomy":"product_cat","embeddable":true,"href":"https:\/\/mueblesitalianos.com\/site\/wp-json\/wp\/v2\/product_cat?post=3145"},{"taxonomy":"product_tag","embeddable":true,"href":"https:\/\/mueblesitalianos.com\/site\/wp-json\/wp\/v2\/product_tag?post=3145"}],"curies":[{"name":"wp","href":"https:\/\/api.w.org\/{rel}","templated":true}]}}