{"id":3147,"date":"2023-06-02T19:35:13","date_gmt":"2023-06-02T19:35:13","guid":{"rendered":"https:\/\/mueblesitalianos.com\/site\/?post_type=product&#038;p=3147"},"modified":"2023-06-02T19:35:13","modified_gmt":"2023-06-02T19:35:13","slug":"milan-chic","status":"publish","type":"product","link":"https:\/\/mueblesitalianos.com\/site\/producto\/milan-chic\/","title":{"rendered":"Mil\u00e1n Chic"},"content":{"rendered":"<p>En el norte de Italia, surge un horizonte \u00fanico, que combina la est\u00e9tica de la historia y la tradici\u00f3n con las innovaciones de la modernidad. Mil\u00e1n se revela a trav\u00e9s del Bosque Vertical de Stefano Boeri y la Fondazione Prada de Rem Koolhaas, junto con la imponente Catedral de Mil\u00e1n y la gran c\u00fapula de hierro y vidrio de la Galleria Vittorio Emanuele II. Pero la verdadera esencia de la metr\u00f3polis se esconde detr\u00e1s de las fachadas de los impresionantes edificios. Ya sea que eso signifique las creaciones de dise\u00f1o de interiores exhibidas en las abundantes ferias de dise\u00f1o o la obra maestra de Leonardo da Vinci, la \u00daltima Cena, ubicada en Santa Maria delle Grazie, Mil\u00e1n requiere un gu\u00eda local para comprender todos sus secretos y tesoros.<\/p>\n","protected":false},"excerpt":{"rendered":"<p>La magnificencia de Mil\u00e1n es un reflejo de sus habitantes: los dise\u00f1adores, arquitectos, artistas y restauradores que prestan su propia marca de estilo a la ciudad. En Milan Chic, los lectores son llevados a un recorrido \u00edntimo, haciendo paradas en las casas de dise\u00f1adores codiciados, los estudios de artistas talentosos y la sede de destacados arquitectos. Este libro ilustra el encanto de este elegante centro industrial y cultural.<\/p>\n","protected":false},"featured_media":3134,"template":"","meta":{"_joinchat":[]},"product_cat":[90],"product_tag":[],"class_list":{"0":"post-3147","1":"product","2":"type-product","3":"status-publish","4":"has-post-thumbnail","6":"product_cat-assouline","8":"first","9":"instock","10":"shipping-taxable","11":"purchasable","12":"product-type-simple"},"aioseo_notices":[],"_links":{"self":[{"href":"https:\/\/mueblesitalianos.com\/site\/wp-json\/wp\/v2\/product\/3147","targetHints":{"allow":["GET"]}}],"collection":[{"href":"https:\/\/mueblesitalianos.com\/site\/wp-json\/wp\/v2\/product"}],"about":[{"href":"https:\/\/mueblesitalianos.com\/site\/wp-json\/wp\/v2\/types\/product"}],"wp:featuredmedia":[{"embeddable":true,"href":"https:\/\/mueblesitalianos.com\/site\/wp-json\/wp\/v2\/media\/3134"}],"wp:attachment":[{"href":"https:\/\/mueblesitalianos.com\/site\/wp-json\/wp\/v2\/media?parent=3147"}],"wp:term":[{"taxonomy":"product_cat","embeddable":true,"href":"https:\/\/mueblesitalianos.com\/site\/wp-json\/wp\/v2\/product_cat?post=3147"},{"taxonomy":"product_tag","embeddable":true,"href":"https:\/\/mueblesitalianos.com\/site\/wp-json\/wp\/v2\/product_tag?post=3147"}],"curies":[{"name":"wp","href":"https:\/\/api.w.org\/{rel}","templated":true}]}}