{"id":3150,"date":"2023-06-02T19:56:13","date_gmt":"2023-06-02T19:56:13","guid":{"rendered":"https:\/\/mueblesitalianos.com\/site\/?post_type=product&#038;p=3150"},"modified":"2023-10-28T04:46:45","modified_gmt":"2023-10-28T04:46:45","slug":"venetian-chic","status":"publish","type":"product","link":"https:\/\/mueblesitalianos.com\/site\/producto\/venetian-chic\/","title":{"rendered":"Venetian Chic"},"content":{"rendered":"<p>La conocedora del arte veneciano, dise\u00f1adora de interiores y hotelera Francesca Bortolotto Possati conoce las complejidades de Venecia. La tener como gu\u00eda es experimentar de primera mano su pasi\u00f3n por el lado privado de la m\u00edtica ciudad, cuyos visitantes diarios superan en n\u00famero a su poblaci\u00f3n. \u00danete a ella para visitar los estudios de artistas, los elegantes amigos venecianos y los secretos de los palacios. Dondequiera que uno deambule, un sentido de la historia satura los edificios y paisajes, volviendo a los artistas del Renacimiento y los elegantes bailes de disfraces de los siglos pasados.<\/p>\n","protected":false},"excerpt":{"rendered":"<p>Un pr\u00f3logo sentimental de Jeremy Irons complementa perfectamente este impresionante volumen.<\/p>\n","protected":false},"featured_media":3151,"template":"","meta":{"_joinchat":[]},"product_cat":[90],"product_tag":[],"class_list":{"0":"post-3150","1":"product","2":"type-product","3":"status-publish","4":"has-post-thumbnail","6":"product_cat-assouline","8":"first","9":"instock","10":"shipping-taxable","11":"purchasable","12":"product-type-simple"},"aioseo_notices":[],"_links":{"self":[{"href":"https:\/\/mueblesitalianos.com\/site\/wp-json\/wp\/v2\/product\/3150","targetHints":{"allow":["GET"]}}],"collection":[{"href":"https:\/\/mueblesitalianos.com\/site\/wp-json\/wp\/v2\/product"}],"about":[{"href":"https:\/\/mueblesitalianos.com\/site\/wp-json\/wp\/v2\/types\/product"}],"wp:featuredmedia":[{"embeddable":true,"href":"https:\/\/mueblesitalianos.com\/site\/wp-json\/wp\/v2\/media\/3151"}],"wp:attachment":[{"href":"https:\/\/mueblesitalianos.com\/site\/wp-json\/wp\/v2\/media?parent=3150"}],"wp:term":[{"taxonomy":"product_cat","embeddable":true,"href":"https:\/\/mueblesitalianos.com\/site\/wp-json\/wp\/v2\/product_cat?post=3150"},{"taxonomy":"product_tag","embeddable":true,"href":"https:\/\/mueblesitalianos.com\/site\/wp-json\/wp\/v2\/product_tag?post=3150"}],"curies":[{"name":"wp","href":"https:\/\/api.w.org\/{rel}","templated":true}]}}