{"id":3201,"date":"2023-11-02T23:02:37","date_gmt":"2023-11-02T23:02:37","guid":{"rendered":"https:\/\/mueblesitalianos.com\/site\/?post_type=product&#038;p=3201"},"modified":"2023-11-04T03:32:56","modified_gmt":"2023-11-04T03:32:56","slug":"the-race-of-gentlemen","status":"publish","type":"product","link":"https:\/\/mueblesitalianos.com\/site\/producto\/the-race-of-gentlemen\/","title":{"rendered":"The Race of Gentlemen"},"content":{"rendered":"<p>Amada por una banda de demonios de la velocidad e infractores ataviados con gafas de piloto con correas de cuero y barbas largas y nervudas, la Carrera de los Caballeros, o &#8220;TROG&#8221;, como se la conoce cari\u00f1osamente, es una celebraci\u00f3n anual de la cultura del hot rod estadounidense. .\u00a0Se lleva a cabo una vez al a\u00f1o en las playas de arena de Wildwood, Nueva Jersey, donde tanto competidores como entusiastas se re\u00fanen en nombre de la velocidad.\u00a0Coches antiguos, motocicletas y otras m\u00e1quinas desgastadas se compiten m\u00e1s por camarader\u00eda que por competici\u00f3n, capturando lo mejor de una \u00e9poca pasada.\u00a0Con un pr\u00f3logo del artista Robert Williams, una introducci\u00f3n de Chris Nelson y comentarios del propio fundador de la carrera, Mel Stultz,\u00a0<em>The Race of Gentlemen<\/em>\u00a0lleva a los lectores a la playa para disfrutar de un asiento en primera fila para ver la acci\u00f3n.<\/p>\n","protected":false},"excerpt":{"rendered":"<p>Amada por una banda de demonios de la velocidad e infractores ataviados con gafas de piloto con correas de cuero y barbas largas y nervudas, la Carrera de los Caballeros, o &#8220;TROG&#8221;, como se la conoce cari\u00f1osamente, es una celebraci\u00f3n anual de la cultura del hot rod estadounidense. .\u00a0Se lleva a cabo una vez al [&hellip;]<\/p>\n","protected":false},"featured_media":3622,"template":"","meta":{"_joinchat":[]},"product_cat":[90],"product_tag":[],"class_list":{"0":"post-3201","1":"product","2":"type-product","3":"status-publish","4":"has-post-thumbnail","6":"product_cat-assouline","8":"first","9":"instock","10":"shipping-taxable","11":"purchasable","12":"product-type-simple"},"aioseo_notices":[],"_links":{"self":[{"href":"https:\/\/mueblesitalianos.com\/site\/wp-json\/wp\/v2\/product\/3201","targetHints":{"allow":["GET"]}}],"collection":[{"href":"https:\/\/mueblesitalianos.com\/site\/wp-json\/wp\/v2\/product"}],"about":[{"href":"https:\/\/mueblesitalianos.com\/site\/wp-json\/wp\/v2\/types\/product"}],"wp:featuredmedia":[{"embeddable":true,"href":"https:\/\/mueblesitalianos.com\/site\/wp-json\/wp\/v2\/media\/3622"}],"wp:attachment":[{"href":"https:\/\/mueblesitalianos.com\/site\/wp-json\/wp\/v2\/media?parent=3201"}],"wp:term":[{"taxonomy":"product_cat","embeddable":true,"href":"https:\/\/mueblesitalianos.com\/site\/wp-json\/wp\/v2\/product_cat?post=3201"},{"taxonomy":"product_tag","embeddable":true,"href":"https:\/\/mueblesitalianos.com\/site\/wp-json\/wp\/v2\/product_tag?post=3201"}],"curies":[{"name":"wp","href":"https:\/\/api.w.org\/{rel}","templated":true}]}}