{"id":3205,"date":"2023-11-02T23:06:06","date_gmt":"2023-11-02T23:06:06","guid":{"rendered":"https:\/\/mueblesitalianos.com\/site\/?post_type=product&#038;p=3205"},"modified":"2023-11-04T04:08:44","modified_gmt":"2023-11-04T04:08:44","slug":"tiffany","status":"publish","type":"product","link":"https:\/\/mueblesitalianos.com\/site\/producto\/tiffany\/","title":{"rendered":"Tiffany"},"content":{"rendered":"<p>Cuando Charles Lewis Tiffany abri\u00f3 su primera tienda en 1837 en la ciudad de Nueva York, vendiendo \u201cart\u00edculos de lujo\u201d importados de Par\u00eds, no podr\u00eda haber imaginado las visiones de glamour que su nombre evocar\u00eda en todo el mundo.\u00a0Tiffany &amp; Co. ha pasado de ser un modesto proveedor de art\u00edculos de regalo a ser sin\u00f3nimo de lujo y romance, piedras preciosas sublimes y raras, alegres objetos de amor y una mezcla inimitable de tradici\u00f3n y modernidad.\u00a0Tiffany es un nombre que resuena a trav\u00e9s de generaciones y culturas, parte del tejido de la historia social y cultural, una instituci\u00f3n estadounidense regalada al mundo, un emporio de escapismo, un dep\u00f3sito de sue\u00f1os.<\/p>\n<p>Durante sus 185 a\u00f1os, Tiffany &amp; Co. ha seguido evolucionando creativamente, adoptando influencias art\u00edsticas y culturales y encontrando formas apasionantes de renovar su rico legado.\u00a0Desde la d\u00e9cada de 1950, Tiffany ha contratado a dise\u00f1adores que se han convertido en nombres ic\u00f3nicos, desde Jean Schlumberger hasta Elsa Peretti y Paloma Picasso, asegurando que Tiffany siga siendo din\u00e1mica y relevante para cada generaci\u00f3n.\u00a0El dinamismo impulsado por el dise\u00f1o de la empresa honra y perpet\u00faa el esp\u00edritu pionero del fundador.<\/p>\n<p>Hoy en d\u00eda, Tiffany contin\u00faa aportando fantas\u00eda a sus colecciones anuales de alta joyer\u00eda, al mismo tiempo que se dirige a las nuevas generaciones a trav\u00e9s de colecciones originales que ofrecen autoexpresi\u00f3n personal, una parte muy importante del concepto original de Charles Lewis Tiffany.\u00a0El ritmo contin\u00faa, el pulso de Nueva York y de la creatividad, la b\u00fasqueda de modernidad y originalidad entrelazadas con la reverencia por la gran herencia de Tiffany.<\/p>\n<p>Concebido como cat\u00e1logo para acompa\u00f1ar la exposici\u00f3n Vision and Virtuosity en la Saatchi Gallery de Londres, este volumen de Assouline, disponible en ediciones Icon y Ultimate, resume todo el romance y la herencia de este \u00edcono estadounidense de fama mundial, destacando las inspiraciones creativas de Tiffany, sus ingeniosas anuncios y escaparates, colecciones de joyas del Libro Azul y experiencia en diamantes, adem\u00e1s de las historias detr\u00e1s de la caja azul, la pel\u00edcula cl\u00e1sica\u00a0<em>Desayuno con diamantes<\/em>\u00a0y el fabuloso diamante Tiffany amarillo.<\/p>\n","protected":false},"excerpt":{"rendered":"<p>Cuando Charles Lewis Tiffany abri\u00f3 su primera tienda en 1837 en la ciudad de Nueva York, vendiendo \u201cart\u00edculos de lujo\u201d importados de Par\u00eds, no podr\u00eda haber imaginado las visiones de glamour que su nombre evocar\u00eda en todo el mundo.\u00a0Tiffany &amp; Co. ha pasado de ser un modesto proveedor de art\u00edculos de regalo a ser sin\u00f3nimo [&hellip;]<\/p>\n","protected":false},"featured_media":3634,"template":"","meta":{"_joinchat":[]},"product_cat":[90],"product_tag":[],"class_list":{"0":"post-3205","1":"product","2":"type-product","3":"status-publish","4":"has-post-thumbnail","6":"product_cat-assouline","8":"first","9":"instock","10":"shipping-taxable","11":"purchasable","12":"product-type-simple"},"aioseo_notices":[],"_links":{"self":[{"href":"https:\/\/mueblesitalianos.com\/site\/wp-json\/wp\/v2\/product\/3205","targetHints":{"allow":["GET"]}}],"collection":[{"href":"https:\/\/mueblesitalianos.com\/site\/wp-json\/wp\/v2\/product"}],"about":[{"href":"https:\/\/mueblesitalianos.com\/site\/wp-json\/wp\/v2\/types\/product"}],"wp:featuredmedia":[{"embeddable":true,"href":"https:\/\/mueblesitalianos.com\/site\/wp-json\/wp\/v2\/media\/3634"}],"wp:attachment":[{"href":"https:\/\/mueblesitalianos.com\/site\/wp-json\/wp\/v2\/media?parent=3205"}],"wp:term":[{"taxonomy":"product_cat","embeddable":true,"href":"https:\/\/mueblesitalianos.com\/site\/wp-json\/wp\/v2\/product_cat?post=3205"},{"taxonomy":"product_tag","embeddable":true,"href":"https:\/\/mueblesitalianos.com\/site\/wp-json\/wp\/v2\/product_tag?post=3205"}],"curies":[{"name":"wp","href":"https:\/\/api.w.org\/{rel}","templated":true}]}}