{"id":3213,"date":"2023-11-02T23:13:19","date_gmt":"2023-11-02T23:13:19","guid":{"rendered":"https:\/\/mueblesitalianos.com\/site\/?post_type=product&#038;p=3213"},"modified":"2023-11-04T04:07:18","modified_gmt":"2023-11-04T04:07:18","slug":"vaticas-a-private-visit","status":"publish","type":"product","link":"https:\/\/mueblesitalianos.com\/site\/producto\/vaticas-a-private-visit\/","title":{"rendered":"Vaticas: A private visit"},"content":{"rendered":"<p>M\u00e1s que un simple enclave dentro de la ciudad de Roma, el Vaticano es una ciudad-estado compleja que para muchas personas todav\u00eda evoca nociones de secreto.\u00a0El Vaticano siempre ha ejercido sobre nosotros poderes de fascinaci\u00f3n y de seducci\u00f3n, con su historia de casi veinte siglos, su espiritualidad, sus esc\u00e1ndalos y sus enigmas.\u00a0Como mundo de fantas\u00eda, ha inspirado visiones cinematogr\u00e1ficas desde Roma de Federico Fellini hasta\u00a0<em>El Padrino: Parte III<\/em>\u00a0de Francis Ford Coppola y\u00a0<em>El nuevo Papa<\/em>\u00a0de Paolo Sorrentino .\u00a0Pero \u00bfcu\u00e1l es el verdadero Vaticano?<\/p>\n<p>Con cerca de trescientos papas y antipapas, por no hablar de una papa ficticia, entre estas figuras hay algunos santos y muchos pecadores.\u00a0Para tomar prestada una imagen antigua, el Vaticano es como el Arca de No\u00e9, que contiene animales de todo tipo, tanto puros como impuros.\u00a0Desde los primeros desarrollos de la Iglesia Cat\u00f3lica Romana bajo el emperador Constantino, hasta los papas notorios que, sin embargo, cultivaron el florecimiento art\u00edstico del Renacimiento, hasta los pont\u00edfices de hoy en d\u00eda que deben navegar por los medios de comunicaci\u00f3n y cuestiones de sensibilidad social y pol\u00edtica, el Vaticano ha resistido agitaciones hist\u00f3ricas. y cismas religiosos, adquiriendo un nivel de prestigio sin precedentes y labr\u00e1ndose una presencia en el escenario diplom\u00e1tico.<\/p>\n<p>Ilustrado con im\u00e1genes de archivo y fotograf\u00edas dram\u00e1ticas, este volumen hecho a mano de Ultimate Collection presenta textos reveladores de la reconocida periodista Caroline Pigozzi, especialista en la historia del Vaticano, y del historiador Giovanni Maria Vian, ex editor en jefe del peri\u00f3dico L&#8217;Osservatore Romano, que revelan historias ocultas\u00a0<em>que<\/em>\u00a0han desplegado dentro de estos corredores laber\u00ednticos.<\/p>\n<p><strong><em>Con cada compra de la colecci\u00f3n Ultimate de Assouline se incluyen guantes blancos de cortes\u00eda y una bolsa de lona exclusiva.<\/em><\/strong><\/p>\n","protected":false},"excerpt":{"rendered":"<p>M\u00e1s que un simple enclave dentro de la ciudad de Roma, el Vaticano es una ciudad-estado compleja que para muchas personas todav\u00eda evoca nociones de secreto.\u00a0El Vaticano siempre ha ejercido sobre nosotros poderes de fascinaci\u00f3n y de seducci\u00f3n, con su historia de casi veinte siglos, su espiritualidad, sus esc\u00e1ndalos y sus enigmas.\u00a0Como mundo de fantas\u00eda, [&hellip;]<\/p>\n","protected":false},"featured_media":3633,"template":"","meta":{"_joinchat":[]},"product_cat":[90],"product_tag":[],"class_list":{"0":"post-3213","1":"product","2":"type-product","3":"status-publish","4":"has-post-thumbnail","6":"product_cat-assouline","8":"first","9":"instock","10":"shipping-taxable","11":"purchasable","12":"product-type-simple"},"aioseo_notices":[],"_links":{"self":[{"href":"https:\/\/mueblesitalianos.com\/site\/wp-json\/wp\/v2\/product\/3213","targetHints":{"allow":["GET"]}}],"collection":[{"href":"https:\/\/mueblesitalianos.com\/site\/wp-json\/wp\/v2\/product"}],"about":[{"href":"https:\/\/mueblesitalianos.com\/site\/wp-json\/wp\/v2\/types\/product"}],"wp:featuredmedia":[{"embeddable":true,"href":"https:\/\/mueblesitalianos.com\/site\/wp-json\/wp\/v2\/media\/3633"}],"wp:attachment":[{"href":"https:\/\/mueblesitalianos.com\/site\/wp-json\/wp\/v2\/media?parent=3213"}],"wp:term":[{"taxonomy":"product_cat","embeddable":true,"href":"https:\/\/mueblesitalianos.com\/site\/wp-json\/wp\/v2\/product_cat?post=3213"},{"taxonomy":"product_tag","embeddable":true,"href":"https:\/\/mueblesitalianos.com\/site\/wp-json\/wp\/v2\/product_tag?post=3213"}],"curies":[{"name":"wp","href":"https:\/\/api.w.org\/{rel}","templated":true}]}}