{"id":3217,"date":"2023-11-02T23:15:03","date_gmt":"2023-11-02T23:15:03","guid":{"rendered":"https:\/\/mueblesitalianos.com\/site\/?post_type=product&#038;p=3217"},"modified":"2023-11-04T03:44:55","modified_gmt":"2023-11-04T03:44:55","slug":"dior-by-john-galliano","status":"publish","type":"product","link":"https:\/\/mueblesitalianos.com\/site\/producto\/dior-by-john-galliano\/","title":{"rendered":"Dior by John Galliano"},"content":{"rendered":"<p>Durante su \u00e9poca de estudiante en el Central Saint Martins de Londres, el dise\u00f1ador de moda brit\u00e1nico nacido en Gibraltar, John Galliano, trabaj\u00f3 como modista en el Teatro Nacional, aprendiendo el arte del vestuario y el poder de la ilusi\u00f3n.\u00a0Como habitual de los clubes nocturnos de Londres, Galliano conoci\u00f3 a un c\u00edrculo de artistas y personalidades pintorescas, forjando fuertes lazos con esp\u00edritus afines que jugar\u00edan un papel decisivo en su carrera, entre ellos Stephen Jones, que se convertir\u00eda en sombrerero de Dior.<\/p>\n<p>Tras el \u00e9xito de su propia marca (fundada en 1984), fue nombrado director creativo de pr\u00eat-\u00e0-porter y alta costura en Givenchy en 1995, antes de incorporarse a Dior en 1996 como director art\u00edstico de las colecciones femeninas.\u00a0All\u00ed, se distingui\u00f3 por sus extravagantes espect\u00e1culos que combinaban inspiraciones hist\u00f3ricas y culturales ecl\u00e9cticas: un caleidoscopio global de referencias e inventiva desenfrenada, imbuida de romanticismo e historia.\u00a0La sensibilidad del dise\u00f1ador por el saber hacer de la alta costura y su sentido innato de lo espectacular le han valido la reputaci\u00f3n de maestro de la silueta.<\/p>\n<p>John Galliano realmente ha reinventado el arte (y el papel mismo) de la alta costura, redefiniendo sus tropos en un nuevo tipo de moda contempor\u00e1nea que combina las influencias de sus viajes (ya sean reales o nacidos de su imaginaci\u00f3n) y la abundante herencia de Christian Dior. .\u00a0Este libro destaca las siluetas excepcionales que cre\u00f3 para Dior, colecci\u00f3n tras colecci\u00f3n, de 1996 a 2011, a trav\u00e9s de sus modelos m\u00e1s emblem\u00e1ticos, fotografiados por Laziz Hamani, junto con fotograf\u00edas de Steven Meisel, Annie Leibovitz, Irving Penn y Paolo Roversi.\u00a0Esta singular odisea es el quinto volumen de una nueva serie de libros que rinden homenaje a los directores art\u00edsticos de la Casa.<\/p>\n","protected":false},"excerpt":{"rendered":"<p>Durante su \u00e9poca de estudiante en el Central Saint Martins de Londres, el dise\u00f1ador de moda brit\u00e1nico nacido en Gibraltar, John Galliano, trabaj\u00f3 como modista en el Teatro Nacional, aprendiendo el arte del vestuario y el poder de la ilusi\u00f3n.\u00a0Como habitual de los clubes nocturnos de Londres, Galliano conoci\u00f3 a un c\u00edrculo de artistas y [&hellip;]<\/p>\n","protected":false},"featured_media":3624,"template":"","meta":{"_joinchat":[]},"product_cat":[90],"product_tag":[],"class_list":{"0":"post-3217","1":"product","2":"type-product","3":"status-publish","4":"has-post-thumbnail","6":"product_cat-assouline","8":"first","9":"instock","10":"shipping-taxable","11":"purchasable","12":"product-type-simple"},"aioseo_notices":[],"_links":{"self":[{"href":"https:\/\/mueblesitalianos.com\/site\/wp-json\/wp\/v2\/product\/3217","targetHints":{"allow":["GET"]}}],"collection":[{"href":"https:\/\/mueblesitalianos.com\/site\/wp-json\/wp\/v2\/product"}],"about":[{"href":"https:\/\/mueblesitalianos.com\/site\/wp-json\/wp\/v2\/types\/product"}],"wp:featuredmedia":[{"embeddable":true,"href":"https:\/\/mueblesitalianos.com\/site\/wp-json\/wp\/v2\/media\/3624"}],"wp:attachment":[{"href":"https:\/\/mueblesitalianos.com\/site\/wp-json\/wp\/v2\/media?parent=3217"}],"wp:term":[{"taxonomy":"product_cat","embeddable":true,"href":"https:\/\/mueblesitalianos.com\/site\/wp-json\/wp\/v2\/product_cat?post=3217"},{"taxonomy":"product_tag","embeddable":true,"href":"https:\/\/mueblesitalianos.com\/site\/wp-json\/wp\/v2\/product_tag?post=3217"}],"curies":[{"name":"wp","href":"https:\/\/api.w.org\/{rel}","templated":true}]}}