{"id":3220,"date":"2023-11-02T23:17:15","date_gmt":"2023-11-02T23:17:15","guid":{"rendered":"https:\/\/mueblesitalianos.com\/site\/?post_type=product&#038;p=3220"},"modified":"2023-11-04T20:29:24","modified_gmt":"2023-11-04T20:29:24","slug":"dior-by-raf-simons-english","status":"publish","type":"product","link":"https:\/\/mueblesitalianos.com\/site\/producto\/dior-by-raf-simons-english\/","title":{"rendered":"Dior by Raf Simons  (English)"},"content":{"rendered":"<p>Descubra los exquisitos dise\u00f1os de alta costura de Raf Simons para Dior de 2012 a 2015, cuando aport\u00f3 un toque contempor\u00e1neo a la reconocida casa de alta costura parisina.\u00a0Con un texto perspicaz del periodista de moda Tim Blanks, este volumen muestra el enfoque est\u00e9tico y innovador de Simons, fusion\u00e1ndolo con la feminidad po\u00e9tica de Dior.\u00a0Cuidadosamente fotografiado por Laziz Hamani, Dior de Raf Simons es el sexto libro del compendio definitivo de las creaciones de alta costura m\u00e1s memorables de la casa Dior, una colecci\u00f3n imprescindible tanto para los entusiastas de la moda como para los amantes del arte.<\/p>\n","protected":false},"excerpt":{"rendered":"<p>Descubra los exquisitos dise\u00f1os de alta costura de Raf Simons para Dior de 2012 a 2015, cuando aport\u00f3 un toque contempor\u00e1neo a la reconocida casa de alta costura parisina.\u00a0Con un texto perspicaz del periodista de moda Tim Blanks, este volumen muestra el enfoque est\u00e9tico y innovador de Simons, fusion\u00e1ndolo con la feminidad po\u00e9tica de Dior.\u00a0Cuidadosamente [&hellip;]<\/p>\n","protected":false},"featured_media":3629,"template":"","meta":{"_joinchat":[]},"product_cat":[90],"product_tag":[],"class_list":{"0":"post-3220","1":"product","2":"type-product","3":"status-publish","4":"has-post-thumbnail","6":"product_cat-assouline","8":"first","9":"instock","10":"shipping-taxable","11":"purchasable","12":"product-type-simple"},"aioseo_notices":[],"_links":{"self":[{"href":"https:\/\/mueblesitalianos.com\/site\/wp-json\/wp\/v2\/product\/3220","targetHints":{"allow":["GET"]}}],"collection":[{"href":"https:\/\/mueblesitalianos.com\/site\/wp-json\/wp\/v2\/product"}],"about":[{"href":"https:\/\/mueblesitalianos.com\/site\/wp-json\/wp\/v2\/types\/product"}],"wp:featuredmedia":[{"embeddable":true,"href":"https:\/\/mueblesitalianos.com\/site\/wp-json\/wp\/v2\/media\/3629"}],"wp:attachment":[{"href":"https:\/\/mueblesitalianos.com\/site\/wp-json\/wp\/v2\/media?parent=3220"}],"wp:term":[{"taxonomy":"product_cat","embeddable":true,"href":"https:\/\/mueblesitalianos.com\/site\/wp-json\/wp\/v2\/product_cat?post=3220"},{"taxonomy":"product_tag","embeddable":true,"href":"https:\/\/mueblesitalianos.com\/site\/wp-json\/wp\/v2\/product_tag?post=3220"}],"curies":[{"name":"wp","href":"https:\/\/api.w.org\/{rel}","templated":true}]}}