{"id":3227,"date":"2023-11-02T23:24:30","date_gmt":"2023-11-02T23:24:30","guid":{"rendered":"https:\/\/mueblesitalianos.com\/site\/?post_type=product&#038;p=3227"},"modified":"2023-11-04T03:49:42","modified_gmt":"2023-11-04T03:49:42","slug":"miles-nadal-iconic-art-design-advertising-and-the-automobile","status":"publish","type":"product","link":"https:\/\/mueblesitalianos.com\/site\/producto\/miles-nadal-iconic-art-design-advertising-and-the-automobile\/","title":{"rendered":"Miles Nadal Iconic:  Art, Design, Advertising, and the Automobile"},"content":{"rendered":"<p>Un Ford GT con un trabajo de pintura personalizado de Gulf Oil, un Aston Martin DB5, un Reynard Formula Ford de Jacques Villeneuve, un Jaguar E-Type, un Mercedes-Benz 300 SL y un Porsche 918m 2015.\u00a0Estos son s\u00f3lo algunos de los fabulosos autos que se presentan en el impresionante Museo Automotriz Dare to Dream de Miles S. Nadal.\u00a0Con este extraordinario grupo (que todav\u00eda es s\u00f3lo una parte de su colecci\u00f3n general), Miles ha adquirido algunos de los autom\u00f3viles m\u00e1s famosos del siglo pasado.\u00a0Est\u00e1n cuidadosamente seleccionados por su importancia, relevancia y, sobre todo, por su esencia ic\u00f3nica.\u00a0Cada veh\u00edculo va acompa\u00f1ado de una historia autorizada preparada por el galardonado autor Ken Gross que combina con fotograf\u00edas del aclamado fot\u00f3grafo Michael Furman.\u00a0Cada autom\u00f3vil cobra vida hasta el punto que los lectores se sienten como si estuvieran caminando por el museo.<\/p>\n<p><em>Iconic: Art, Design, Advertising, and the Automobile<\/em>\u00a0no solo presenta la colecci\u00f3n de Miles, sino que tambi\u00e9n explora lo que realmente significa ser un \u00edcono.\u00a0Entrevistas con reconocidas celebridades automotrices como Bruce Meyer, Jay Leno, Mark Trostle y Chris Bangle exploran lo que hace que un autom\u00f3vil sea \u201cic\u00f3nico\u201d: ayer, hoy y ma\u00f1ana.\u00a0Con un ensayo sobre publicidad ic\u00f3nica del genio del marketing Chuck Porter, este libro investiga la relaci\u00f3n entre el autom\u00f3vil y el mundo de la publicidad, y examina c\u00f3mo ese mundo moldea la percepci\u00f3n p\u00fablica del autom\u00f3vil como objeto de deseo.\u00a0Desde superdeportivos hasta Ferraris, desde Ford hasta Porsche y los \u00faltimos coches el\u00e9ctricos, este libro cubre todas las marcas, \u00e9pocas y eventos importantes para el mundo del autom\u00f3vil.<\/p>\n<p>Este volumen examina lo que resuena en el p\u00fablico, lo que se necesita para convertirse en algo m\u00e1s que un simple autom\u00f3vil o algo m\u00e1s que una simple persona al volante y, finalmente, lo que se necesita para convertirse en algo \u201cic\u00f3nico\u201d.<\/p>\n","protected":false},"excerpt":{"rendered":"<p>Un Ford GT con un trabajo de pintura personalizado de Gulf Oil, un Aston Martin DB5, un Reynard Formula Ford de Jacques Villeneuve, un Jaguar E-Type, un Mercedes-Benz 300 SL y un Porsche 918m 2015.\u00a0Estos son s\u00f3lo algunos de los fabulosos autos que se presentan en el impresionante Museo Automotriz Dare to Dream de Miles [&hellip;]<\/p>\n","protected":false},"featured_media":3627,"template":"","meta":{"_joinchat":[]},"product_cat":[90],"product_tag":[],"class_list":{"0":"post-3227","1":"product","2":"type-product","3":"status-publish","4":"has-post-thumbnail","6":"product_cat-assouline","8":"first","9":"instock","10":"shipping-taxable","11":"purchasable","12":"product-type-simple"},"aioseo_notices":[],"_links":{"self":[{"href":"https:\/\/mueblesitalianos.com\/site\/wp-json\/wp\/v2\/product\/3227","targetHints":{"allow":["GET"]}}],"collection":[{"href":"https:\/\/mueblesitalianos.com\/site\/wp-json\/wp\/v2\/product"}],"about":[{"href":"https:\/\/mueblesitalianos.com\/site\/wp-json\/wp\/v2\/types\/product"}],"wp:featuredmedia":[{"embeddable":true,"href":"https:\/\/mueblesitalianos.com\/site\/wp-json\/wp\/v2\/media\/3627"}],"wp:attachment":[{"href":"https:\/\/mueblesitalianos.com\/site\/wp-json\/wp\/v2\/media?parent=3227"}],"wp:term":[{"taxonomy":"product_cat","embeddable":true,"href":"https:\/\/mueblesitalianos.com\/site\/wp-json\/wp\/v2\/product_cat?post=3227"},{"taxonomy":"product_tag","embeddable":true,"href":"https:\/\/mueblesitalianos.com\/site\/wp-json\/wp\/v2\/product_tag?post=3227"}],"curies":[{"name":"wp","href":"https:\/\/api.w.org\/{rel}","templated":true}]}}