{"id":3231,"date":"2023-11-02T23:26:41","date_gmt":"2023-11-02T23:26:41","guid":{"rendered":"https:\/\/mueblesitalianos.com\/site\/?post_type=product&#038;p=3231"},"modified":"2023-11-04T03:37:45","modified_gmt":"2023-11-04T03:37:45","slug":"polo-heritage","status":"publish","type":"product","link":"https:\/\/mueblesitalianos.com\/site\/producto\/polo-heritage\/","title":{"rendered":"Polo Heritage"},"content":{"rendered":"<p>Una historia ilustre e hist\u00f3rica acompa\u00f1a al deporte del polo, abarcando continentes, culturas y clases.\u00a0Uno de los deportes de equipo m\u00e1s antiguos del mundo, evolucion\u00f3 a partir del entrenamiento de unidades de caballer\u00eda en Asia.\u00a0Conocido como el \u201cdeporte de los reyes\u201d, no sorprende que el polo sea uno de los favoritos entre la familia real brit\u00e1nica y cuente con Winston Churchill y el general Patton entre sus devotos seguidores.\u00a0Sin embargo, al profundizar en la herencia del polo, uno aprende sobre la comunidad diversa que lo ha convertido en un pasatiempo global.<\/p>\n<p><em>Polo Heritage<\/em>\u00a0gu\u00eda al lector en un viaje desde Mongolia a M\u00e9xico, desde Barbados a Pakist\u00e1n, y al interior de los torneos m\u00e1s prestigiosos sobre c\u00e9sped, arena o nieve.\u00a0Recorra los hist\u00f3ricos campos de polo de la India, sum\u00e9rjase en la alta sociedad del polo brit\u00e1nico, aprenda sobre la cultura del polo argentino que ha producido algunas de las mejores familias de polo del mundo.\u00a0Una introducci\u00f3n del legendario jugador de polo Nacho Figueras est\u00e1 acompa\u00f1ada por fotograf\u00edas originales de Aline Coquelle que ofrecen una perspectiva moderna y aut\u00e9ntica del esp\u00edritu del polo.<\/p>\n","protected":false},"excerpt":{"rendered":"<p>Una historia ilustre e hist\u00f3rica acompa\u00f1a al deporte del polo, abarcando continentes, culturas y clases.\u00a0Uno de los deportes de equipo m\u00e1s antiguos del mundo, evolucion\u00f3 a partir del entrenamiento de unidades de caballer\u00eda en Asia.\u00a0Conocido como el \u201cdeporte de los reyes\u201d, no sorprende que el polo sea uno de los favoritos entre la familia real [&hellip;]<\/p>\n","protected":false},"featured_media":3623,"template":"","meta":{"_joinchat":[]},"product_cat":[90],"product_tag":[],"class_list":{"0":"post-3231","1":"product","2":"type-product","3":"status-publish","4":"has-post-thumbnail","6":"product_cat-assouline","8":"first","9":"instock","10":"shipping-taxable","11":"purchasable","12":"product-type-simple"},"aioseo_notices":[],"_links":{"self":[{"href":"https:\/\/mueblesitalianos.com\/site\/wp-json\/wp\/v2\/product\/3231","targetHints":{"allow":["GET"]}}],"collection":[{"href":"https:\/\/mueblesitalianos.com\/site\/wp-json\/wp\/v2\/product"}],"about":[{"href":"https:\/\/mueblesitalianos.com\/site\/wp-json\/wp\/v2\/types\/product"}],"wp:featuredmedia":[{"embeddable":true,"href":"https:\/\/mueblesitalianos.com\/site\/wp-json\/wp\/v2\/media\/3623"}],"wp:attachment":[{"href":"https:\/\/mueblesitalianos.com\/site\/wp-json\/wp\/v2\/media?parent=3231"}],"wp:term":[{"taxonomy":"product_cat","embeddable":true,"href":"https:\/\/mueblesitalianos.com\/site\/wp-json\/wp\/v2\/product_cat?post=3231"},{"taxonomy":"product_tag","embeddable":true,"href":"https:\/\/mueblesitalianos.com\/site\/wp-json\/wp\/v2\/product_tag?post=3231"}],"curies":[{"name":"wp","href":"https:\/\/api.w.org\/{rel}","templated":true}]}}