{"id":3235,"date":"2023-11-02T23:28:42","date_gmt":"2023-11-02T23:28:42","guid":{"rendered":"https:\/\/mueblesitalianos.com\/site\/?post_type=product&#038;p=3235"},"modified":"2023-11-04T04:03:16","modified_gmt":"2023-11-04T04:03:16","slug":"rolex-the-impossible-collection","status":"publish","type":"product","link":"https:\/\/mueblesitalianos.com\/site\/producto\/rolex-the-impossible-collection\/","title":{"rendered":"Rolex: The  Impossible  Collection"},"content":{"rendered":"<p>Durante m\u00e1s de un siglo, Rolex se destaca como la marca de relojes m\u00e1s codiciada y legendaria del mundo.\u00a0Un Rolex connota muchas cosas: la quintaesencia del reloj de lujo, una herramienta de poder para quienes mueven y agitan, el s\u00edmbolo del paso a la edad adulta.\u00a0Aparecen nuevas etiquetas, los estilos van y vienen, pero la marca en la cima nunca cambia.\u00a0Siempre que estableci\u00f3 r\u00e9cords (el Daytona que hab\u00eda pertenecido a Paul Newman fue subastado por Phillips en Nueva York en octubre de 2017 por 17,8 millones de d\u00f3lares), no sorprende que Rolex sea la marca de relojes m\u00e1s coleccionada del mundo.<\/p>\n<p>La historia de Rolex tiene sus ra\u00edces en el esp\u00edritu visionario de su fundador, Hans Wilsdorf.\u00a0En 1905, el joven Wilsdorf fund\u00f3 una empresa en Londres para la distribuci\u00f3n de relojes, pero su verdadero sue\u00f1o era producir relojes de pulsera (en su infancia en ese momento y no muy precisos) que fueran t\u00e9cnicamente duraderos, confiables y sumamente elegantes.\u00a0Al principio, la empresa se concentr\u00f3 en producir movimientos de la m\u00e1s alta calidad, y esta b\u00fasqueda de precisi\u00f3n condujo r\u00e1pidamente al primer reloj de pulsera del mundo en recibir el Certificado Suizo de Precisi\u00f3n Cronom\u00e9trica, otorgado por el Centro Oficial de Calificaci\u00f3n de Relojes de Bienne en 1910. Cuatro a\u00f1os m\u00e1s tarde, El Observatorio de Kew en Gran Breta\u00f1a otorg\u00f3 a un reloj Rolex un certificado de clase A, una distinci\u00f3n que hasta entonces estaba reservada exclusivamente a los cron\u00f3metros marinos.<\/p>\n<p>A partir de esa fecha, el reloj de pulsera Rolex ha sido sin\u00f3nimo de precisi\u00f3n.\u00a0En los \u00faltimos 100 a\u00f1os, los hitos de Rolex incluyen: el primer reloj resistente al agua, el primer mecanismo de cuerda autom\u00e1tica, el primer reloj de pulsera que sobrevol\u00f3 el Monte Everest, el primer reloj de buceo resistente al agua hasta 100 metros, el primero en soportar campos magn\u00e9ticos de 1.000 gauss , el primero en descender la Fosa de las Marianas.<\/p>\n<p>Seleccionados por la especialista Fabienne Reybaud, cada uno de los excepcionales modelos de relojes Rolex en este hermoso volumen hecho a mano de Ultimate Collection muestra los modelos m\u00e1s valiosos y t\u00e9cnicamente innovadores que el relojero de lujo ha producido, incluidos relojes nunca antes vistos impresos: desde el primer reloj de pulsera hasta principios de 1900 y el primer Oyster Perpetual de 1931, hasta un Explorer usado durante la expedici\u00f3n de Sir Edmund Hillary a la cima del Monte Everest en 1953 y el Submariner usado por el actor George Lazenby en la pel\u00edcula de James Bond Al servicio secreto de Su Majestad, seguramente asombra a coleccionistas de todo el mundo.<\/p>\n<p><em>Con cada compra de la colecci\u00f3n Ultimate de Assouline se incluyen guantes blancos y una bolsa de lona exclusiva de cortes\u00eda.<\/em><\/p>\n","protected":false},"excerpt":{"rendered":"<p>Durante m\u00e1s de un siglo, Rolex se destaca como la marca de relojes m\u00e1s codiciada y legendaria del mundo.\u00a0Un Rolex connota muchas cosas: la quintaesencia del reloj de lujo, una herramienta de poder para quienes mueven y agitan, el s\u00edmbolo del paso a la edad adulta.\u00a0Aparecen nuevas etiquetas, los estilos van y vienen, pero la [&hellip;]<\/p>\n","protected":false},"featured_media":3631,"template":"","meta":{"_joinchat":[]},"product_cat":[90],"product_tag":[],"class_list":{"0":"post-3235","1":"product","2":"type-product","3":"status-publish","4":"has-post-thumbnail","6":"product_cat-assouline","8":"first","9":"instock","10":"shipping-taxable","11":"purchasable","12":"product-type-simple"},"aioseo_notices":[],"_links":{"self":[{"href":"https:\/\/mueblesitalianos.com\/site\/wp-json\/wp\/v2\/product\/3235","targetHints":{"allow":["GET"]}}],"collection":[{"href":"https:\/\/mueblesitalianos.com\/site\/wp-json\/wp\/v2\/product"}],"about":[{"href":"https:\/\/mueblesitalianos.com\/site\/wp-json\/wp\/v2\/types\/product"}],"wp:featuredmedia":[{"embeddable":true,"href":"https:\/\/mueblesitalianos.com\/site\/wp-json\/wp\/v2\/media\/3631"}],"wp:attachment":[{"href":"https:\/\/mueblesitalianos.com\/site\/wp-json\/wp\/v2\/media?parent=3235"}],"wp:term":[{"taxonomy":"product_cat","embeddable":true,"href":"https:\/\/mueblesitalianos.com\/site\/wp-json\/wp\/v2\/product_cat?post=3235"},{"taxonomy":"product_tag","embeddable":true,"href":"https:\/\/mueblesitalianos.com\/site\/wp-json\/wp\/v2\/product_tag?post=3235"}],"curies":[{"name":"wp","href":"https:\/\/api.w.org\/{rel}","templated":true}]}}