{"id":3240,"date":"2023-11-02T23:30:39","date_gmt":"2023-11-02T23:30:39","guid":{"rendered":"https:\/\/mueblesitalianos.com\/site\/?post_type=product&#038;p=3240"},"modified":"2023-11-04T04:01:12","modified_gmt":"2023-11-04T04:01:12","slug":"the-impossible-collection-of-whiskey","status":"publish","type":"product","link":"https:\/\/mueblesitalianos.com\/site\/producto\/the-impossible-collection-of-whiskey\/","title":{"rendered":"The Impossible  Collection of  Whiskey"},"content":{"rendered":"<p>Ya sea que se sirva solo, con hielo o mezclado en un c\u00f3ctel, el whisky a menudo es elogiado como el mejor licor del mundo.\u00a0Sobre el papel puede parecer una simple mezcla (agua y grano, fermentados con levadura y luego envejecidos en un barril de madera), pero el whisky es mucho m\u00e1s que sus ingredientes f\u00edsicos.\u00a0Durante la Edad Media, los europeos lo llamaban aqua vitae, o \u201cagua de vida\u201d, un nombre que habla del significado cultural, social e hist\u00f3rico que tiene este esp\u00edritu.<\/p>\n<p>En\u00a0<em>The Impossible Collection of Whisky<\/em>\u00a0, el exitoso escritor de bebidas espirituosas Clay Risen desvela la historia de esta bebida hist\u00f3rica, invitando al lector a recorrer algunas de las destiler\u00edas m\u00e1s famosas del mundo y sus mejores botellas.\u00a0Desde el mejor whisky escoc\u00e9s de las Tierras Altas de Escocia hasta el mejor Bourbon de Kentucky, la selecci\u00f3n de 100 whiskies incomparables de Risen proviene de fabricantes antiguos y pioneros del movimiento de destilaci\u00f3n artesanal que se ha extendido por todo el mundo.\u00a0Aqu\u00ed se presentan whiskies seleccionados no s\u00f3lo por su exquisito sabor sino tambi\u00e9n por su rareza, edad, sabor e innovaci\u00f3n.\u00a0Botellas de pa\u00edses con mercados de whisky incipientes, como India y la Rep\u00fablica Checa, se encuentran junto a viejos cl\u00e1sicos estadounidenses como Pappy Van Winkle y algunas de las botellas m\u00e1s raras y codiciadas del mercado.\u00a0Risen se maravilla con botellas como el Midleton Very Rare 45 Year Old de Irlanda, el whisky irland\u00e9s m\u00e1s antiguo y caro del mundo.\u00a0Juntas, estas 100 botellas forman una colecci\u00f3n de whiskies tan exclusiva que nadie podr\u00eda jam\u00e1s reunirlas todas bajo un mismo techo.\u00a0Imprescindible en la biblioteca de cualquier verdadero conocedor del whisky,\u00a0<em>The Impossible Collection of Whisky<\/em>\u00a0es un homenaje cuidadosamente elaborado a un licor venerado durante mucho tiempo como el &#8220;agua de la vida&#8221;.<\/p>\n<p>Presentada en una caja de madera con adornos de hierro forjado inspirada en un aut\u00e9ntico barril de whisky, esta incorporaci\u00f3n a la exitosa Colecci\u00f3n Impossible de Assouline bien puede ser su volumen m\u00e1s destacado publicado hasta la fecha.<\/p>\n<p><strong><i>Con cada compra de la colecci\u00f3n Ultimate de Assouline se incluyen guantes blancos y una bolsa de lona exclusiva de cortes\u00eda.<\/i><\/strong><\/p>\n","protected":false},"excerpt":{"rendered":"<p>Ya sea que se sirva solo, con hielo o mezclado en un c\u00f3ctel, el whisky a menudo es elogiado como el mejor licor del mundo.\u00a0Sobre el papel puede parecer una simple mezcla (agua y grano, fermentados con levadura y luego envejecidos en un barril de madera), pero el whisky es mucho m\u00e1s que sus ingredientes [&hellip;]<\/p>\n","protected":false},"featured_media":3630,"template":"","meta":{"_joinchat":[]},"product_cat":[90],"product_tag":[],"class_list":{"0":"post-3240","1":"product","2":"type-product","3":"status-publish","4":"has-post-thumbnail","6":"product_cat-assouline","8":"first","9":"instock","10":"shipping-taxable","11":"purchasable","12":"product-type-simple"},"aioseo_notices":[],"_links":{"self":[{"href":"https:\/\/mueblesitalianos.com\/site\/wp-json\/wp\/v2\/product\/3240","targetHints":{"allow":["GET"]}}],"collection":[{"href":"https:\/\/mueblesitalianos.com\/site\/wp-json\/wp\/v2\/product"}],"about":[{"href":"https:\/\/mueblesitalianos.com\/site\/wp-json\/wp\/v2\/types\/product"}],"wp:featuredmedia":[{"embeddable":true,"href":"https:\/\/mueblesitalianos.com\/site\/wp-json\/wp\/v2\/media\/3630"}],"wp:attachment":[{"href":"https:\/\/mueblesitalianos.com\/site\/wp-json\/wp\/v2\/media?parent=3240"}],"wp:term":[{"taxonomy":"product_cat","embeddable":true,"href":"https:\/\/mueblesitalianos.com\/site\/wp-json\/wp\/v2\/product_cat?post=3240"},{"taxonomy":"product_tag","embeddable":true,"href":"https:\/\/mueblesitalianos.com\/site\/wp-json\/wp\/v2\/product_tag?post=3240"}],"curies":[{"name":"wp","href":"https:\/\/api.w.org\/{rel}","templated":true}]}}