{"id":3244,"date":"2023-11-02T23:32:38","date_gmt":"2023-11-02T23:32:38","guid":{"rendered":"https:\/\/mueblesitalianos.com\/site\/?post_type=product&#038;p=3244"},"modified":"2023-11-04T04:05:59","modified_gmt":"2023-11-04T04:05:59","slug":"the-impossible-collection-of-wine","status":"publish","type":"product","link":"https:\/\/mueblesitalianos.com\/site\/producto\/the-impossible-collection-of-wine\/","title":{"rendered":"The Impossible  Collection of Wine"},"content":{"rendered":"<p>En esta impresionante incorporaci\u00f3n a Assouline Ultimate Collection, Enrico Bernardo, el mejor sumiller del mundo, imagina la bodega perfecta llena de los vinos m\u00e1s excepcionales del siglo XX:\u00a0<i>The Impossible Collection of Wine.\u00a0<\/i>Al sopesar las virtudes de la rareza, el terru\u00f1o, el sabor y la m\u00edstica hist\u00f3rica, la de Bernardo es una lista con la que cualquier conocedor s\u00f3lo podr\u00eda so\u00f1ar.\u00a0Para convertir las uvas en poes\u00eda embotellada, el en\u00f3logo debe ser una especie de alquimista.\u00a0A pesar de los cambios en la tecnolog\u00eda y los gustos durante los \u00faltimos 100 a\u00f1os, el oficio se ha mantenido pr\u00e1cticamente sin cambios;\u00a0un gran vino sigue siendo el producto de innumerables factores, entre ellos la sonrisa de la providencia.\u00a0En estas p\u00e1ginas, Bernardo celebra las cosechas m\u00e1s exquisitas de todo el mundo, desde el Krug Champagne de 1928 hasta el Penfolds Grange Bin 95 de 1951 y el Stag&#8217;s Leap Estate SLV de 1973, invitando al lector a un viaje a trav\u00e9s de la historia para saborear una colecci\u00f3n imposible.\u00a0Esta edici\u00f3n de lujo de gran tama\u00f1o, encuadernada a mano, con im\u00e1genes escritas a mano y presentada en una caja de madera, ser\u00e1 imprescindible en la biblioteca de cualquier verdadero conocedor de vinos.<\/p>\n<p><em>El efecto no uniforme en el medio del libro se puede atribuir a la naturaleza artesanal de nuestra serie Impossible Collection.<\/em><\/p>\n<p><strong><em>Con cada compra de la colecci\u00f3n Ultimate de Assouline se incluyen guantes blancos y una bolsa de lona exclusiva de cortes\u00eda.<\/em><\/strong><\/p>\n","protected":false},"excerpt":{"rendered":"<p>En esta impresionante incorporaci\u00f3n a Assouline Ultimate Collection, Enrico Bernardo, el mejor sumiller del mundo, imagina la bodega perfecta llena de los vinos m\u00e1s excepcionales del siglo XX:\u00a0The Impossible Collection of Wine.\u00a0Al sopesar las virtudes de la rareza, el terru\u00f1o, el sabor y la m\u00edstica hist\u00f3rica, la de Bernardo es una lista con la que [&hellip;]<\/p>\n","protected":false},"featured_media":3632,"template":"","meta":{"_joinchat":[]},"product_cat":[90],"product_tag":[],"class_list":{"0":"post-3244","1":"product","2":"type-product","3":"status-publish","4":"has-post-thumbnail","6":"product_cat-assouline","8":"first","9":"instock","10":"shipping-taxable","11":"purchasable","12":"product-type-simple"},"aioseo_notices":[],"_links":{"self":[{"href":"https:\/\/mueblesitalianos.com\/site\/wp-json\/wp\/v2\/product\/3244","targetHints":{"allow":["GET"]}}],"collection":[{"href":"https:\/\/mueblesitalianos.com\/site\/wp-json\/wp\/v2\/product"}],"about":[{"href":"https:\/\/mueblesitalianos.com\/site\/wp-json\/wp\/v2\/types\/product"}],"wp:featuredmedia":[{"embeddable":true,"href":"https:\/\/mueblesitalianos.com\/site\/wp-json\/wp\/v2\/media\/3632"}],"wp:attachment":[{"href":"https:\/\/mueblesitalianos.com\/site\/wp-json\/wp\/v2\/media?parent=3244"}],"wp:term":[{"taxonomy":"product_cat","embeddable":true,"href":"https:\/\/mueblesitalianos.com\/site\/wp-json\/wp\/v2\/product_cat?post=3244"},{"taxonomy":"product_tag","embeddable":true,"href":"https:\/\/mueblesitalianos.com\/site\/wp-json\/wp\/v2\/product_tag?post=3244"}],"curies":[{"name":"wp","href":"https:\/\/api.w.org\/{rel}","templated":true}]}}