{"id":3250,"date":"2023-11-02T23:34:29","date_gmt":"2023-11-02T23:34:29","guid":{"rendered":"https:\/\/mueblesitalianos.com\/site\/?post_type=product&#038;p=3250"},"modified":"2023-11-04T03:46:36","modified_gmt":"2023-11-04T03:46:36","slug":"the-missoni-family-cookbook","status":"publish","type":"product","link":"https:\/\/mueblesitalianos.com\/site\/producto\/the-missoni-family-cookbook\/","title":{"rendered":"The Missoni Family  Cookbook"},"content":{"rendered":"<p>La familia Missoni vive la vida en color.\u00a0No s\u00f3lo revolucionaron las prendas de punto;\u00a0forjaron un estilo de vida que, al igual que su moda, combina elegancia con entusiasmo y espontaneidad con sofisticaci\u00f3n.\u00a0El estilo Missoni es reconocido y admirado en todo el mundo y es coleccionado tanto por amantes de la moda como por museos.\u00a0Esta misma racha de glamour sencillo tambi\u00e9n inspira el entretenimiento de la familia Missoni, y sus cenas se han convertido en una de las invitaciones m\u00e1s codiciadas de la semana de la moda.\u00a0Exuberante e informal al mismo tiempo, una fiesta Missoni no es s\u00f3lo un caleidoscopio de estilo con cuatro generaciones de familias vistiendo Missoni: es un caleidoscopio de sabores, aromas y colores.<\/p>\n<p>Y ya sea para veinte o doscientos, siempre incluye recetas familiares seleccionadas para la temporada y la ocasi\u00f3n, recetas que ahora se han vuelto legendarias.\u00a0Y as\u00ed como los fan\u00e1ticos de Missoni en todo el mundo coleccionan los ic\u00f3nicos zigzags de la marca, Francesco Maccapani Missoni, hijo de la directora creativa de Missoni, Angela Missoni, colecciona recetas familiares y resulta que su cocina es tan singular como su estilo.\u00a0Francesco tiene un sano respeto por la tradici\u00f3n y, con The Missoni Family Cookbook, narra la tradici\u00f3n culinaria de Missoni, poniendo estas deliciosas y bien guardadas recetas familiares a disposici\u00f3n del cocinero casero por primera vez.\u00a0Este libro te invita directamente a la casa de la familia tan conocida a trav\u00e9s de la moda para que puedas unirte a los Missonis a tavola.<\/p>\n","protected":false},"excerpt":{"rendered":"<p>La familia Missoni vive la vida en color.\u00a0No s\u00f3lo revolucionaron las prendas de punto;\u00a0forjaron un estilo de vida que, al igual que su moda, combina elegancia con entusiasmo y espontaneidad con sofisticaci\u00f3n.\u00a0El estilo Missoni es reconocido y admirado en todo el mundo y es coleccionado tanto por amantes de la moda como por museos.\u00a0Esta misma [&hellip;]<\/p>\n","protected":false},"featured_media":3625,"template":"","meta":{"_joinchat":[]},"product_cat":[90],"product_tag":[],"class_list":{"0":"post-3250","1":"product","2":"type-product","3":"status-publish","4":"has-post-thumbnail","6":"product_cat-assouline","8":"first","9":"instock","10":"shipping-taxable","11":"purchasable","12":"product-type-simple"},"aioseo_notices":[],"_links":{"self":[{"href":"https:\/\/mueblesitalianos.com\/site\/wp-json\/wp\/v2\/product\/3250","targetHints":{"allow":["GET"]}}],"collection":[{"href":"https:\/\/mueblesitalianos.com\/site\/wp-json\/wp\/v2\/product"}],"about":[{"href":"https:\/\/mueblesitalianos.com\/site\/wp-json\/wp\/v2\/types\/product"}],"wp:featuredmedia":[{"embeddable":true,"href":"https:\/\/mueblesitalianos.com\/site\/wp-json\/wp\/v2\/media\/3625"}],"wp:attachment":[{"href":"https:\/\/mueblesitalianos.com\/site\/wp-json\/wp\/v2\/media?parent=3250"}],"wp:term":[{"taxonomy":"product_cat","embeddable":true,"href":"https:\/\/mueblesitalianos.com\/site\/wp-json\/wp\/v2\/product_cat?post=3250"},{"taxonomy":"product_tag","embeddable":true,"href":"https:\/\/mueblesitalianos.com\/site\/wp-json\/wp\/v2\/product_tag?post=3250"}],"curies":[{"name":"wp","href":"https:\/\/api.w.org\/{rel}","templated":true}]}}