{"id":3258,"date":"2023-11-03T00:01:23","date_gmt":"2023-11-03T00:01:23","guid":{"rendered":"https:\/\/mueblesitalianos.com\/site\/?post_type=product&#038;p=3258"},"modified":"2023-11-04T06:30:14","modified_gmt":"2023-11-04T06:30:14","slug":"mesa-tyron-wood","status":"publish","type":"product","link":"https:\/\/mueblesitalianos.com\/site\/producto\/mesa-tyron-wood\/","title":{"rendered":"MESA TYRON WOOD"},"content":{"rendered":"<p><strong>Tyron<\/strong>\u00a0es la familia de\u00a0<strong>mesas de dise\u00f1o<\/strong>, firmada por Paolo Cattelan, que estrena un nuevo concepto de\u00a0<strong>sal\u00f3n moderno<\/strong>. El juego de styling entre la base ic\u00f3nica y el sobre personalizable hace de cada versi\u00f3n, una mesa de\u00a0<strong>dise\u00f1o contempor\u00e1neo<\/strong>\u00a0extraordinaria.\u00a0<b>Wood<\/b>,\u00a0<b>Keramik<\/b>\u00a0y\u00a0<b>Keramik Premium<\/b>\u00a0son las opciones para un sal\u00f3n actual que honran los mejores materiales de la manifactura italiana. Adem\u00e1s, el\u00a0<strong>tablero de madera Masterwood<\/strong>, elaborado con exquisitas maderas, cobra vida a trav\u00e9s de un proceso de elaboraci\u00f3n de la madera \u00fanico en el mercado \u00a1volviendo cada mesa en un mueble exclusivo! Para los amantes de sociabilizar, incluso en espacios reducidos, hay dos versiones\u00a0<b>Drive<\/b>\u00a0extensibles disponibles: la primera con\u00a0<strong>tablero de cristal<\/strong>\u00a0con impresi\u00f3n art\u00edstica decorativa\u00a0<b>CrystalArt<\/b>\u00a0en diversas variantes de color, y la otra con sobre de cer\u00e1mica Marmi en numerosos matices refinados, para hacer que el entorno sea sobresaliente. Completa la colecci\u00f3n el modelo\u00a0<b>Signature<\/b>, decorado a mano por un colectivo de artistas artesanos. En efecto, cada mesa es \u00fanica e irrepetible, justamente como una obra de arte.<\/p>\n<p>300x128x76h<br \/>\nVersi\u00f3n<br \/>\n&#8220;Masterwood&#8221; sobre madera RB roble<br \/>\nahumado &#8211; base metal GFM18 gofrado<br \/>\nbronce<\/p>\n","protected":false},"excerpt":{"rendered":"<p>Tyron\u00a0es la familia de\u00a0mesas de dise\u00f1o, firmada por Paolo Cattelan, que estrena un nuevo concepto de\u00a0sal\u00f3n moderno. El juego de styling entre la base ic\u00f3nica y el sobre personalizable hace de cada versi\u00f3n, una mesa de\u00a0dise\u00f1o contempor\u00e1neo\u00a0extraordinaria.\u00a0Wood,\u00a0Keramik\u00a0y\u00a0Keramik Premium\u00a0son las opciones para un sal\u00f3n actual que honran los mejores materiales de la manifactura italiana. Adem\u00e1s, el\u00a0tablero [&hellip;]<\/p>\n","protected":false},"featured_media":3674,"template":"","meta":{"_joinchat":[]},"product_cat":[21],"product_tag":[],"class_list":{"0":"post-3258","1":"product","2":"type-product","3":"status-publish","4":"has-post-thumbnail","6":"product_cat-cattelan-italia-collection","8":"first","9":"instock","10":"shipping-taxable","11":"purchasable","12":"product-type-simple"},"aioseo_notices":[],"_links":{"self":[{"href":"https:\/\/mueblesitalianos.com\/site\/wp-json\/wp\/v2\/product\/3258","targetHints":{"allow":["GET"]}}],"collection":[{"href":"https:\/\/mueblesitalianos.com\/site\/wp-json\/wp\/v2\/product"}],"about":[{"href":"https:\/\/mueblesitalianos.com\/site\/wp-json\/wp\/v2\/types\/product"}],"wp:featuredmedia":[{"embeddable":true,"href":"https:\/\/mueblesitalianos.com\/site\/wp-json\/wp\/v2\/media\/3674"}],"wp:attachment":[{"href":"https:\/\/mueblesitalianos.com\/site\/wp-json\/wp\/v2\/media?parent=3258"}],"wp:term":[{"taxonomy":"product_cat","embeddable":true,"href":"https:\/\/mueblesitalianos.com\/site\/wp-json\/wp\/v2\/product_cat?post=3258"},{"taxonomy":"product_tag","embeddable":true,"href":"https:\/\/mueblesitalianos.com\/site\/wp-json\/wp\/v2\/product_tag?post=3258"}],"curies":[{"name":"wp","href":"https:\/\/api.w.org\/{rel}","templated":true}]}}