{"id":3262,"date":"2023-11-03T00:04:44","date_gmt":"2023-11-03T00:04:44","guid":{"rendered":"https:\/\/mueblesitalianos.com\/site\/?post_type=product&#038;p=3262"},"modified":"2023-11-04T05:59:23","modified_gmt":"2023-11-04T05:59:23","slug":"escritorio-nasdaq-keramik","status":"publish","type":"product","link":"https:\/\/mueblesitalianos.com\/site\/producto\/escritorio-nasdaq-keramik\/","title":{"rendered":"ESCRITORIO NASDAQ Keramik"},"content":{"rendered":"<p>El\u00a0<strong>escritorio de oficina<\/strong>\u00a0Nasdaq Keramik es la combinaci\u00f3n de geometr\u00edas y materiales, con efecto monolito. El caj\u00f3n de madera, apoyado sobre la pata de acero, desaf\u00eda la gravedad y llena el espacio con una diagonal firme. El acabado del sobre en cer\u00e1mica Marmi presenta una veta continua, entre el sobre y la parte lateral, que acen\u00faa el estilo arquitect\u00f3nico del escritorio.<\/p>\n<p>240x108x75h estructura GF18 gofrado<br \/>\nbronce &#8211; sobre y lado cer\u00e1mica<br \/>\nMarmi KM12 Breccia<\/p>\n","protected":false},"excerpt":{"rendered":"<p>El\u00a0escritorio de oficina\u00a0Nasdaq Keramik es la combinaci\u00f3n de geometr\u00edas y materiales, con efecto monolito. El caj\u00f3n de madera, apoyado sobre la pata de acero, desaf\u00eda la gravedad y llena el espacio con una diagonal firme. El acabado del sobre en cer\u00e1mica Marmi presenta una veta continua, entre el sobre y la parte lateral, que acen\u00faa [&hellip;]<\/p>\n","protected":false},"featured_media":3650,"template":"","meta":{"_joinchat":[]},"product_cat":[21],"product_tag":[],"class_list":{"0":"post-3262","1":"product","2":"type-product","3":"status-publish","4":"has-post-thumbnail","6":"product_cat-cattelan-italia-collection","8":"first","9":"instock","10":"shipping-taxable","11":"purchasable","12":"product-type-simple"},"aioseo_notices":[],"_links":{"self":[{"href":"https:\/\/mueblesitalianos.com\/site\/wp-json\/wp\/v2\/product\/3262","targetHints":{"allow":["GET"]}}],"collection":[{"href":"https:\/\/mueblesitalianos.com\/site\/wp-json\/wp\/v2\/product"}],"about":[{"href":"https:\/\/mueblesitalianos.com\/site\/wp-json\/wp\/v2\/types\/product"}],"wp:featuredmedia":[{"embeddable":true,"href":"https:\/\/mueblesitalianos.com\/site\/wp-json\/wp\/v2\/media\/3650"}],"wp:attachment":[{"href":"https:\/\/mueblesitalianos.com\/site\/wp-json\/wp\/v2\/media?parent=3262"}],"wp:term":[{"taxonomy":"product_cat","embeddable":true,"href":"https:\/\/mueblesitalianos.com\/site\/wp-json\/wp\/v2\/product_cat?post=3262"},{"taxonomy":"product_tag","embeddable":true,"href":"https:\/\/mueblesitalianos.com\/site\/wp-json\/wp\/v2\/product_tag?post=3262"}],"curies":[{"name":"wp","href":"https:\/\/api.w.org\/{rel}","templated":true}]}}