{"id":3285,"date":"2023-11-03T07:32:36","date_gmt":"2023-11-03T07:32:36","guid":{"rendered":"https:\/\/mueblesitalianos.com\/site\/?post_type=product&#038;p=3285"},"modified":"2023-11-04T06:39:39","modified_gmt":"2023-11-04T06:39:39","slug":"mesa-ribot-keramik-bistrot","status":"publish","type":"product","link":"https:\/\/mueblesitalianos.com\/site\/producto\/mesa-ribot-keramik-bistrot\/","title":{"rendered":"MESA RIBOT KERAMIK BISTROT"},"content":{"rendered":"<p>La\u00a0<strong>mesa redonda<\/strong>\u00a0<b>Ribot Keramik Bistrot<\/b>\u00a0es un mueble que expresa la fuerza del dise\u00f1o contempor\u00e1neo, adecuada para los ambientes m\u00e1s funcionales de la casa y para proyectos de\u00a0<strong>dise\u00f1o de interiores<\/strong>. Ribot Keramik Bistrot es una\u00a0<strong>mesa moderna<\/strong>\u00a0con base cuadrada y sobre circular, que recuerda el mobiliario de un bar de estilo italiano y que resulta adecuada como\u00a0<strong>mesa de cocina moderna<\/strong>, pr\u00e1ctica y cautivadora. Esta\u00a0<strong>mesa redonda de dise\u00f1o<\/strong>\u00a0se realiza con sobre de cer\u00e1mica Marmi, disponible en una paleta de refinadas tonalidades, desde las m\u00e1s oscuras e intensas a las m\u00e1s claras y delicadas. El refinado sobre est\u00e1 enmarcado en un borde con acabado cepillado, realizado a mano con maestr\u00eda.<\/p>\n<p>\u00f860x105h<br \/>\n&#8211; A base GFM73 gofrado negro &#8211;<br \/>\nmarco brushed bronze &#8211; sobre<br \/>\ncer\u00e1mica Marmi KM07 Portoro mate<\/p>\n","protected":false},"excerpt":{"rendered":"<p>La\u00a0mesa redonda\u00a0Ribot Keramik Bistrot\u00a0es un mueble que expresa la fuerza del dise\u00f1o contempor\u00e1neo, adecuada para los ambientes m\u00e1s funcionales de la casa y para proyectos de\u00a0dise\u00f1o de interiores. Ribot Keramik Bistrot es una\u00a0mesa moderna\u00a0con base cuadrada y sobre circular, que recuerda el mobiliario de un bar de estilo italiano y que resulta adecuada como\u00a0mesa de [&hellip;]<\/p>\n","protected":false},"featured_media":3667,"template":"","meta":{"_joinchat":[]},"product_cat":[21],"product_tag":[],"class_list":{"0":"post-3285","1":"product","2":"type-product","3":"status-publish","4":"has-post-thumbnail","6":"product_cat-cattelan-italia-collection","8":"first","9":"instock","10":"shipping-taxable","11":"purchasable","12":"product-type-simple"},"aioseo_notices":[],"_links":{"self":[{"href":"https:\/\/mueblesitalianos.com\/site\/wp-json\/wp\/v2\/product\/3285","targetHints":{"allow":["GET"]}}],"collection":[{"href":"https:\/\/mueblesitalianos.com\/site\/wp-json\/wp\/v2\/product"}],"about":[{"href":"https:\/\/mueblesitalianos.com\/site\/wp-json\/wp\/v2\/types\/product"}],"wp:featuredmedia":[{"embeddable":true,"href":"https:\/\/mueblesitalianos.com\/site\/wp-json\/wp\/v2\/media\/3667"}],"wp:attachment":[{"href":"https:\/\/mueblesitalianos.com\/site\/wp-json\/wp\/v2\/media?parent=3285"}],"wp:term":[{"taxonomy":"product_cat","embeddable":true,"href":"https:\/\/mueblesitalianos.com\/site\/wp-json\/wp\/v2\/product_cat?post=3285"},{"taxonomy":"product_tag","embeddable":true,"href":"https:\/\/mueblesitalianos.com\/site\/wp-json\/wp\/v2\/product_tag?post=3285"}],"curies":[{"name":"wp","href":"https:\/\/api.w.org\/{rel}","templated":true}]}}