{"id":3295,"date":"2023-11-03T07:39:12","date_gmt":"2023-11-03T07:39:12","guid":{"rendered":"https:\/\/mueblesitalianos.com\/site\/?post_type=product&#038;p=3295"},"modified":"2023-11-04T05:56:38","modified_gmt":"2023-11-04T05:56:38","slug":"mesa-skorpio-keramik-2","status":"publish","type":"product","link":"https:\/\/mueblesitalianos.com\/site\/producto\/mesa-skorpio-keramik-2\/","title":{"rendered":"MESA SKORPIO Keramik"},"content":{"rendered":"<p>El modelo Skorpio ha lanzado una nueva visi\u00f3n de la\u00a0<strong>mesa para sala de estar de dise\u00f1o<\/strong>, imponi\u00e9ndose como un icono de la\u00a0<strong>sala de estar moderna<\/strong>. Es una continua evoluci\u00f3n la historia de este producto, que ha ampliado su gama de\u00a0<strong>mesas de dise\u00f1o<\/strong>, para llegar a contar con 9 versiones precisamente.<br \/>\nUna magnitud que evidencia la vitalidad creativa de una colecci\u00f3n de\u00a0<strong>dise\u00f1o contempor\u00e1neo<\/strong>\u00a0que, al d\u00eda de hoy, se enorgullece, adem\u00e1s del\u00a0<strong>sobre de cristal<\/strong>, tambi\u00e9n de las variantes\u00a0<b>Wood<\/b>\u00a0con sobre de madera,\u00a0<b>Keramik<\/b>\u00a0con sobre de cer\u00e1mica y sus derivados con borde grueso cepillado a mano\u00a0<b>Keramik Premium<\/b>\u00a0o con sobre de madera e inserto de cer\u00e1mica\u00a0<b>Ker-Wood Round<\/b>. Todos los acabados anteriores tambi\u00e9n se encuentran disponibles en la variante\u00a0<b>Round<\/b>, es decir, cautivadoras\u00a0<strong>mesas redondas de dise\u00f1o<\/strong>.<br \/>\nPara quienes desean una mesa de gran impacto decorativo, en cambio, est\u00e1 disponible el modelo\u00a0<b>Skorpio CrystalArt<\/b>, con sobre de cristal y grabado art\u00edstico de diferentes variantes de color.<br \/>\nDe esta manera, surge una geometr\u00eda arm\u00f3nica hecha de estelas de luz y m\u00e1gico origami.<\/p>\n<p>300x120x75h<br \/>\nsag. sobre cer\u00e1mica Marmi KM14<br \/>\nCorcovado &#8211; base metal GFM18<br \/>\ngofrado bronce<\/p>\n","protected":false},"excerpt":{"rendered":"<p>El modelo Skorpio ha lanzado una nueva visi\u00f3n de la\u00a0mesa para sala de estar de dise\u00f1o, imponi\u00e9ndose como un icono de la\u00a0sala de estar moderna. Es una continua evoluci\u00f3n la historia de este producto, que ha ampliado su gama de\u00a0mesas de dise\u00f1o, para llegar a contar con 9 versiones precisamente. Una magnitud que evidencia la [&hellip;]<\/p>\n","protected":false},"featured_media":3652,"template":"","meta":{"_joinchat":[]},"product_cat":[21],"product_tag":[],"class_list":{"0":"post-3295","1":"product","2":"type-product","3":"status-publish","4":"has-post-thumbnail","6":"product_cat-cattelan-italia-collection","8":"first","9":"instock","10":"shipping-taxable","11":"purchasable","12":"product-type-simple"},"aioseo_notices":[],"_links":{"self":[{"href":"https:\/\/mueblesitalianos.com\/site\/wp-json\/wp\/v2\/product\/3295","targetHints":{"allow":["GET"]}}],"collection":[{"href":"https:\/\/mueblesitalianos.com\/site\/wp-json\/wp\/v2\/product"}],"about":[{"href":"https:\/\/mueblesitalianos.com\/site\/wp-json\/wp\/v2\/types\/product"}],"wp:featuredmedia":[{"embeddable":true,"href":"https:\/\/mueblesitalianos.com\/site\/wp-json\/wp\/v2\/media\/3652"}],"wp:attachment":[{"href":"https:\/\/mueblesitalianos.com\/site\/wp-json\/wp\/v2\/media?parent=3295"}],"wp:term":[{"taxonomy":"product_cat","embeddable":true,"href":"https:\/\/mueblesitalianos.com\/site\/wp-json\/wp\/v2\/product_cat?post=3295"},{"taxonomy":"product_tag","embeddable":true,"href":"https:\/\/mueblesitalianos.com\/site\/wp-json\/wp\/v2\/product_tag?post=3295"}],"curies":[{"name":"wp","href":"https:\/\/api.w.org\/{rel}","templated":true}]}}