{"id":3309,"date":"2023-11-03T08:19:58","date_gmt":"2023-11-03T08:19:58","guid":{"rendered":"https:\/\/mueblesitalianos.com\/site\/?post_type=product&#038;p=3309"},"modified":"2023-11-03T08:19:58","modified_gmt":"2023-11-03T08:19:58","slug":"complemento-kimi","status":"publish","type":"product","link":"https:\/\/mueblesitalianos.com\/site\/producto\/complemento-kimi\/","title":{"rendered":"COMPLEMENTO KIMI"},"content":{"rendered":"<p>La colecci\u00f3n de\u00a0<strong>alfombras modernas<\/strong>\u00a0de Cattelan Italia est\u00e1 dise\u00f1ada para dar la bienvenida y completar un entorno residencial, as\u00ed como proyectos de\u00a0<strong>dise\u00f1o de interiores<\/strong>. Todas nuestras\u00a0<strong>alfombras de dise\u00f1o<\/strong>\u00a0est\u00e1n confeccionadas con fibras suaves y c\u00f3modas al tacto. Los motivos geom\u00e9tricos decorativos est\u00e1n en ligero relieve, con contrastes crom\u00e1ticos suaves y brillantes, para combinar armoniosamente con el mobiliario circundante. Las\u00a0<strong>alfombras rectangulares modernas<\/strong>se ofrecen en una gama de diferentes tama\u00f1os y para algunos modelos un formato de\u00a0<strong>alfombra redonda<\/strong>.<br \/>\nPara el correcto mantenimiento de su preciosa\u00a0<strong>alfombra Cattelan Italia<\/strong>\u00a0se recomienda una limpieza en seco profesional.<\/p>\n","protected":false},"excerpt":{"rendered":"<p>La colecci\u00f3n de\u00a0alfombras modernas\u00a0de Cattelan Italia est\u00e1 dise\u00f1ada para dar la bienvenida y completar un entorno residencial, as\u00ed como proyectos de\u00a0dise\u00f1o de interiores. Todas nuestras\u00a0alfombras de dise\u00f1o\u00a0est\u00e1n confeccionadas con fibras suaves y c\u00f3modas al tacto. Los motivos geom\u00e9tricos decorativos est\u00e1n en ligero relieve, con contrastes crom\u00e1ticos suaves y brillantes, para combinar armoniosamente con el mobiliario [&hellip;]<\/p>\n","protected":false},"featured_media":3311,"template":"","meta":{"_joinchat":[]},"product_cat":[21],"product_tag":[],"class_list":{"0":"post-3309","1":"product","2":"type-product","3":"status-publish","4":"has-post-thumbnail","6":"product_cat-cattelan-italia-collection","8":"first","9":"instock","10":"shipping-taxable","11":"purchasable","12":"product-type-simple"},"aioseo_notices":[],"_links":{"self":[{"href":"https:\/\/mueblesitalianos.com\/site\/wp-json\/wp\/v2\/product\/3309","targetHints":{"allow":["GET"]}}],"collection":[{"href":"https:\/\/mueblesitalianos.com\/site\/wp-json\/wp\/v2\/product"}],"about":[{"href":"https:\/\/mueblesitalianos.com\/site\/wp-json\/wp\/v2\/types\/product"}],"wp:featuredmedia":[{"embeddable":true,"href":"https:\/\/mueblesitalianos.com\/site\/wp-json\/wp\/v2\/media\/3311"}],"wp:attachment":[{"href":"https:\/\/mueblesitalianos.com\/site\/wp-json\/wp\/v2\/media?parent=3309"}],"wp:term":[{"taxonomy":"product_cat","embeddable":true,"href":"https:\/\/mueblesitalianos.com\/site\/wp-json\/wp\/v2\/product_cat?post=3309"},{"taxonomy":"product_tag","embeddable":true,"href":"https:\/\/mueblesitalianos.com\/site\/wp-json\/wp\/v2\/product_tag?post=3309"}],"curies":[{"name":"wp","href":"https:\/\/api.w.org\/{rel}","templated":true}]}}