{"id":3313,"date":"2023-11-03T08:22:53","date_gmt":"2023-11-03T08:22:53","guid":{"rendered":"https:\/\/mueblesitalianos.com\/site\/?post_type=product&#038;p=3313"},"modified":"2023-11-04T06:24:29","modified_gmt":"2023-11-04T06:24:29","slug":"silla-magda","status":"publish","type":"product","link":"https:\/\/mueblesitalianos.com\/site\/producto\/silla-magda\/","title":{"rendered":"SILLA MAGDA"},"content":{"rendered":"<p>Confort y elegancia son los lemas de\u00a0<b>Magda<\/b>, exclusiva familia de\u00a0<strong>sillas acolchadas elegantes<\/strong>. El respaldo envolvente, la estructura de madera maciza de calidad y la cuidada propuesta de revestimientos dan vida a numerosos modelos y combinaciones de estilos. De hecho, la amplia gama cuenta con\u00a0<strong>sillas elegantes<\/strong>\u00a0para el\u00a0<strong>comedor<\/strong>, sillas y\u00a0<strong>sillones modernos de piel<\/strong>,\u00a0<strong>taburetes de dise\u00f1o para cocina<\/strong>, incluidas las versiones Ml, de mayor profundidad y Couture. Esta \u00faltima se expresa a trav\u00e9s de un refinado trabajo artesanal en la parte trasera del respaldo, una espl\u00e9ndida colchadura romboidal que &#8211; adem\u00e1s de embellecer la colecci\u00f3n &#8211; logra una interpretaci\u00f3n que atraviesa la\u00a0<strong>sala de estar<\/strong>, tanto en proyectos residenciales como en\u00a0<strong>trabajos para dise\u00f1os de interiores<\/strong>.<\/p>\n<p>53x55x81h &#8211; B frRB 0<br \/>\nfresno barnizado roble ahumado &#8211;<br \/>\npiel glove GLV05 CORDA<\/p>\n","protected":false},"excerpt":{"rendered":"<p>Confort y elegancia son los lemas de\u00a0Magda, exclusiva familia de\u00a0sillas acolchadas elegantes. El respaldo envolvente, la estructura de madera maciza de calidad y la cuidada propuesta de revestimientos dan vida a numerosos modelos y combinaciones de estilos. De hecho, la amplia gama cuenta con\u00a0sillas elegantes\u00a0para el\u00a0comedor, sillas y\u00a0sillones modernos de piel,\u00a0taburetes de dise\u00f1o para cocina, [&hellip;]<\/p>\n","protected":false},"featured_media":3678,"template":"","meta":{"_joinchat":[]},"product_cat":[21],"product_tag":[],"class_list":{"0":"post-3313","1":"product","2":"type-product","3":"status-publish","4":"has-post-thumbnail","6":"product_cat-cattelan-italia-collection","8":"first","9":"instock","10":"shipping-taxable","11":"purchasable","12":"product-type-simple"},"aioseo_notices":[],"_links":{"self":[{"href":"https:\/\/mueblesitalianos.com\/site\/wp-json\/wp\/v2\/product\/3313","targetHints":{"allow":["GET"]}}],"collection":[{"href":"https:\/\/mueblesitalianos.com\/site\/wp-json\/wp\/v2\/product"}],"about":[{"href":"https:\/\/mueblesitalianos.com\/site\/wp-json\/wp\/v2\/types\/product"}],"wp:featuredmedia":[{"embeddable":true,"href":"https:\/\/mueblesitalianos.com\/site\/wp-json\/wp\/v2\/media\/3678"}],"wp:attachment":[{"href":"https:\/\/mueblesitalianos.com\/site\/wp-json\/wp\/v2\/media?parent=3313"}],"wp:term":[{"taxonomy":"product_cat","embeddable":true,"href":"https:\/\/mueblesitalianos.com\/site\/wp-json\/wp\/v2\/product_cat?post=3313"},{"taxonomy":"product_tag","embeddable":true,"href":"https:\/\/mueblesitalianos.com\/site\/wp-json\/wp\/v2\/product_tag?post=3313"}],"curies":[{"name":"wp","href":"https:\/\/api.w.org\/{rel}","templated":true}]}}