{"id":3321,"date":"2023-11-03T08:29:36","date_gmt":"2023-11-03T08:29:36","guid":{"rendered":"https:\/\/mueblesitalianos.com\/site\/?post_type=product&#038;p=3321"},"modified":"2023-11-04T04:28:13","modified_gmt":"2023-11-04T04:28:13","slug":"lampara-mamba","status":"publish","type":"product","link":"https:\/\/mueblesitalianos.com\/site\/producto\/lampara-mamba\/","title":{"rendered":"LAMPARA MAMBA"},"content":{"rendered":"<p>El dise\u00f1o cautivador de la\u00a0<strong>l\u00e1mpara de mesa moderna<\/strong>\u00a0<b>Mamba<\/b>\u00a0la convierte en un accesorio decorativo, sofisticado y original. La estructura de la\u00a0<strong>l\u00e1mpara en forma de arco<\/strong>, el espesor variable y las aristas biseladas crean una forma delicada y sinuosa, como un elemento natural. Pensada para iluminar un escritorio o un rinc\u00f3n de lectura, Mamba puede colocarse tambi\u00e9n en un aparador, creando un agradable contraste entre las geometr\u00edas del mueble y la forma sensual de esta\u00a0<strong>l\u00e1mpara de sobremesa de dise\u00f1o<\/strong>. El cuerpo es de poliuretano pintado, mientras que la base est\u00e1 realizada de metal.<\/p>\n<p>estructura<br \/>\npoliuretano M11 titanio &#8211; base 06<br \/>\ncromo negro 110\/220 V<\/p>\n","protected":false},"excerpt":{"rendered":"<p>El dise\u00f1o cautivador de la\u00a0l\u00e1mpara de mesa moderna\u00a0Mamba\u00a0la convierte en un accesorio decorativo, sofisticado y original. La estructura de la\u00a0l\u00e1mpara en forma de arco, el espesor variable y las aristas biseladas crean una forma delicada y sinuosa, como un elemento natural. Pensada para iluminar un escritorio o un rinc\u00f3n de lectura, Mamba puede colocarse tambi\u00e9n [&hellip;]<\/p>\n","protected":false},"featured_media":3640,"template":"","meta":{"_joinchat":[]},"product_cat":[21],"product_tag":[],"class_list":{"0":"post-3321","1":"product","2":"type-product","3":"status-publish","4":"has-post-thumbnail","6":"product_cat-cattelan-italia-collection","8":"first","9":"instock","10":"shipping-taxable","11":"purchasable","12":"product-type-simple"},"aioseo_notices":[],"_links":{"self":[{"href":"https:\/\/mueblesitalianos.com\/site\/wp-json\/wp\/v2\/product\/3321","targetHints":{"allow":["GET"]}}],"collection":[{"href":"https:\/\/mueblesitalianos.com\/site\/wp-json\/wp\/v2\/product"}],"about":[{"href":"https:\/\/mueblesitalianos.com\/site\/wp-json\/wp\/v2\/types\/product"}],"wp:featuredmedia":[{"embeddable":true,"href":"https:\/\/mueblesitalianos.com\/site\/wp-json\/wp\/v2\/media\/3640"}],"wp:attachment":[{"href":"https:\/\/mueblesitalianos.com\/site\/wp-json\/wp\/v2\/media?parent=3321"}],"wp:term":[{"taxonomy":"product_cat","embeddable":true,"href":"https:\/\/mueblesitalianos.com\/site\/wp-json\/wp\/v2\/product_cat?post=3321"},{"taxonomy":"product_tag","embeddable":true,"href":"https:\/\/mueblesitalianos.com\/site\/wp-json\/wp\/v2\/product_tag?post=3321"}],"curies":[{"name":"wp","href":"https:\/\/api.w.org\/{rel}","templated":true}]}}