{"id":3330,"date":"2023-11-03T08:36:01","date_gmt":"2023-11-03T08:36:01","guid":{"rendered":"https:\/\/mueblesitalianos.com\/site\/?post_type=product&#038;p=3330"},"modified":"2023-11-04T06:38:11","modified_gmt":"2023-11-04T06:38:11","slug":"melody-lampada","status":"publish","type":"product","link":"https:\/\/mueblesitalianos.com\/site\/producto\/melody-lampada\/","title":{"rendered":"MELODY LAMPADA"},"content":{"rendered":"<p><b>Melody<\/b>\u00a0es una composici\u00f3n din\u00e1mica de delicadas pantallas de cristal fum\u00e8 que, al colgarlas a media altura, evocan las notas en una partitura, creando una melod\u00eda armoniosa y elegante. Las pantallas se realizan de diferentes formas y tama\u00f1os, pero todas cuentan con un elemento en com\u00fan, que confiere uniformidad a la composici\u00f3n: la l\u00e1mpara central, de forma redonda, como el c\u00edrculo de una nota musical. Las\u00a0<strong>l\u00e1mparas de dise\u00f1o<\/strong>\u00a0Melody permiten crear libremente diferentes combinaciones, seg\u00fan el propio gusto personal. Cada elemento puede colgarse del techo de forma individual o fijarse a un soporte redondo con capacidad de 2 a 12 elementos colgantes, que pueden posicionarse a diferentes alturas y distancias. Esta\u00a0<strong>elegante l\u00e1mpara de techo moderna<\/strong>\u00a0ilumina con gran originalidad para lograr un ambiente de\u00a0<strong>dise\u00f1o contempor\u00e1neo<\/strong>\u00a0sin igual.<\/p>\n<p>*110\/220V*<br \/>\n*CRIST.FUME&#8217;* *C\/CAVI 5MT*<br \/>\nJUEG DE 6 UNIDADES<\/p>\n","protected":false},"excerpt":{"rendered":"<p>Melody\u00a0es una composici\u00f3n din\u00e1mica de delicadas pantallas de cristal fum\u00e8 que, al colgarlas a media altura, evocan las notas en una partitura, creando una melod\u00eda armoniosa y elegante. Las pantallas se realizan de diferentes formas y tama\u00f1os, pero todas cuentan con un elemento en com\u00fan, que confiere uniformidad a la composici\u00f3n: la l\u00e1mpara central, de [&hellip;]<\/p>\n","protected":false},"featured_media":3668,"template":"","meta":{"_joinchat":[]},"product_cat":[21],"product_tag":[],"class_list":{"0":"post-3330","1":"product","2":"type-product","3":"status-publish","4":"has-post-thumbnail","6":"product_cat-cattelan-italia-collection","8":"first","9":"instock","10":"shipping-taxable","11":"purchasable","12":"product-type-simple"},"aioseo_notices":[],"_links":{"self":[{"href":"https:\/\/mueblesitalianos.com\/site\/wp-json\/wp\/v2\/product\/3330","targetHints":{"allow":["GET"]}}],"collection":[{"href":"https:\/\/mueblesitalianos.com\/site\/wp-json\/wp\/v2\/product"}],"about":[{"href":"https:\/\/mueblesitalianos.com\/site\/wp-json\/wp\/v2\/types\/product"}],"wp:featuredmedia":[{"embeddable":true,"href":"https:\/\/mueblesitalianos.com\/site\/wp-json\/wp\/v2\/media\/3668"}],"wp:attachment":[{"href":"https:\/\/mueblesitalianos.com\/site\/wp-json\/wp\/v2\/media?parent=3330"}],"wp:term":[{"taxonomy":"product_cat","embeddable":true,"href":"https:\/\/mueblesitalianos.com\/site\/wp-json\/wp\/v2\/product_cat?post=3330"},{"taxonomy":"product_tag","embeddable":true,"href":"https:\/\/mueblesitalianos.com\/site\/wp-json\/wp\/v2\/product_tag?post=3330"}],"curies":[{"name":"wp","href":"https:\/\/api.w.org\/{rel}","templated":true}]}}