{"id":3335,"date":"2023-11-03T08:40:52","date_gmt":"2023-11-03T08:40:52","guid":{"rendered":"https:\/\/mueblesitalianos.com\/site\/?post_type=product&#038;p=3335"},"modified":"2023-11-03T08:40:53","modified_gmt":"2023-11-03T08:40:53","slug":"mesita-billy-keramik","status":"publish","type":"product","link":"https:\/\/mueblesitalianos.com\/site\/producto\/mesita-billy-keramik\/","title":{"rendered":"MESITA BILLY KERAMIK"},"content":{"rendered":"<p>La familia de\u00a0<strong>mesitas para sala de estar de dise\u00f1o<\/strong>\u00a0<b>Billy<\/b>\u00a0permite crear la combinaci\u00f3n que mejor se adapte a su\u00a0<strong>sala de estar moderna<\/strong>\u00a0y, a la vez, a su gusto personal. Se pueden personalizar las combinaciones de\u00a0<strong>mesitas de dise\u00f1o contempor\u00e1neo<\/strong>, escogiendo entre la versi\u00f3n\u00a0<b>Billy<\/b>, con el sobre de la\u00a0<strong>mesita de vidrio<\/strong>\u00a0espejado,\u00a0<b>Billy Keramik<\/b>\u00a0con sobre de cer\u00e1mica y\u00a0<b>Billy Wood<\/b>, una preciada\u00a0<strong>mesita de madera<\/strong>. Cada variantes se encuentra disponibles en diferentes alturas y dimensiones que, al combinarse, crean un atractivo juego de niveles.<br \/>\nPara brindar a la sala de estar un aspecto deslumbrante, las distinguidas tonalidades de cer\u00e1mica Marmi, el refinado cristal espejado y la madera de calidad son enmarcados por un borde con acabado Brushed, realizado a mano de forma artesanal.<\/p>\n<p>&nbsp;<\/p>\n","protected":false},"excerpt":{"rendered":"<p>La familia de\u00a0mesitas para sala de estar de dise\u00f1o\u00a0Billy\u00a0permite crear la combinaci\u00f3n que mejor se adapte a su\u00a0sala de estar moderna\u00a0y, a la vez, a su gusto personal. Se pueden personalizar las combinaciones de\u00a0mesitas de dise\u00f1o contempor\u00e1neo, escogiendo entre la versi\u00f3n\u00a0Billy, con el sobre de la\u00a0mesita de vidrio\u00a0espejado,\u00a0Billy Keramik\u00a0con sobre de cer\u00e1mica y\u00a0Billy Wood, una [&hellip;]<\/p>\n","protected":false},"featured_media":3336,"template":"","meta":{"_joinchat":[]},"product_cat":[21],"product_tag":[],"class_list":{"0":"post-3335","1":"product","2":"type-product","3":"status-publish","4":"has-post-thumbnail","6":"product_cat-cattelan-italia-collection","8":"first","9":"instock","10":"shipping-taxable","11":"purchasable","12":"product-type-simple"},"aioseo_notices":[],"_links":{"self":[{"href":"https:\/\/mueblesitalianos.com\/site\/wp-json\/wp\/v2\/product\/3335","targetHints":{"allow":["GET"]}}],"collection":[{"href":"https:\/\/mueblesitalianos.com\/site\/wp-json\/wp\/v2\/product"}],"about":[{"href":"https:\/\/mueblesitalianos.com\/site\/wp-json\/wp\/v2\/types\/product"}],"wp:featuredmedia":[{"embeddable":true,"href":"https:\/\/mueblesitalianos.com\/site\/wp-json\/wp\/v2\/media\/3336"}],"wp:attachment":[{"href":"https:\/\/mueblesitalianos.com\/site\/wp-json\/wp\/v2\/media?parent=3335"}],"wp:term":[{"taxonomy":"product_cat","embeddable":true,"href":"https:\/\/mueblesitalianos.com\/site\/wp-json\/wp\/v2\/product_cat?post=3335"},{"taxonomy":"product_tag","embeddable":true,"href":"https:\/\/mueblesitalianos.com\/site\/wp-json\/wp\/v2\/product_tag?post=3335"}],"curies":[{"name":"wp","href":"https:\/\/api.w.org\/{rel}","templated":true}]}}