{"id":3344,"date":"2023-11-03T08:48:14","date_gmt":"2023-11-03T08:48:14","guid":{"rendered":"https:\/\/mueblesitalianos.com\/site\/?post_type=product&#038;p=3344"},"modified":"2023-11-04T04:53:31","modified_gmt":"2023-11-04T04:53:31","slug":"montante-freeway-libreria","status":"publish","type":"product","link":"https:\/\/mueblesitalianos.com\/site\/producto\/montante-freeway-libreria\/","title":{"rendered":"MONTANTE FREEWAY LIBRERIA"},"content":{"rendered":"<p><b>Freeway<\/b>, dise\u00f1o original de Giorgio Cattelan, es una\u00a0<strong>estanter\u00eda modular de metal de dise\u00f1o<\/strong>\u00a0que expresa de lleno los valores y el estilo Cattelan Italia. La librer\u00eda Freeway es un sistema de mobiliario flexible, que puede personalizarse a medida. Con fijaci\u00f3n de pared o de techo, puede colocarse tanto en contra de la pared, incluso en versi\u00f3n angular, como en el centro de la habitaci\u00f3n. En efecto, es perfecta como\u00a0<strong>moderna estanter\u00eda de techo para dividir<\/strong>\u00a0un gran ambiente, gracias a los\u00a0<strong>estantes de metal de dise\u00f1o<\/strong>\u00a0y a los pr\u00e1cticos contenedores. Las longitudes variables de estantes y contenedores permiten crear composiciones irregulares, siguiendo el gusto personal y adapt\u00e1ndose perfectamente a las dimensiones de la habitaci\u00f3n. Materiales de alt\u00edsima calidad componen la amplia gama de acabados propuestos para esta\u00a0<strong>estanter\u00eda de metal moderna<\/strong>\u00a0, de manera que resulte refinada y sofisticada.<\/p>\n","protected":false},"excerpt":{"rendered":"<p>Freeway, dise\u00f1o original de Giorgio Cattelan, es una\u00a0estanter\u00eda modular de metal de dise\u00f1o\u00a0que expresa de lleno los valores y el estilo Cattelan Italia. La librer\u00eda Freeway es un sistema de mobiliario flexible, que puede personalizarse a medida. Con fijaci\u00f3n de pared o de techo, puede colocarse tanto en contra de la pared, incluso en versi\u00f3n [&hellip;]<\/p>\n","protected":false},"featured_media":3659,"template":"","meta":{"_joinchat":[]},"product_cat":[21],"product_tag":[],"class_list":{"0":"post-3344","1":"product","2":"type-product","3":"status-publish","4":"has-post-thumbnail","6":"product_cat-cattelan-italia-collection","8":"first","9":"instock","10":"shipping-taxable","11":"purchasable","12":"product-type-simple"},"aioseo_notices":[],"_links":{"self":[{"href":"https:\/\/mueblesitalianos.com\/site\/wp-json\/wp\/v2\/product\/3344","targetHints":{"allow":["GET"]}}],"collection":[{"href":"https:\/\/mueblesitalianos.com\/site\/wp-json\/wp\/v2\/product"}],"about":[{"href":"https:\/\/mueblesitalianos.com\/site\/wp-json\/wp\/v2\/types\/product"}],"wp:featuredmedia":[{"embeddable":true,"href":"https:\/\/mueblesitalianos.com\/site\/wp-json\/wp\/v2\/media\/3659"}],"wp:attachment":[{"href":"https:\/\/mueblesitalianos.com\/site\/wp-json\/wp\/v2\/media?parent=3344"}],"wp:term":[{"taxonomy":"product_cat","embeddable":true,"href":"https:\/\/mueblesitalianos.com\/site\/wp-json\/wp\/v2\/product_cat?post=3344"},{"taxonomy":"product_tag","embeddable":true,"href":"https:\/\/mueblesitalianos.com\/site\/wp-json\/wp\/v2\/product_tag?post=3344"}],"curies":[{"name":"wp","href":"https:\/\/api.w.org\/{rel}","templated":true}]}}