{"id":3348,"date":"2023-11-03T08:53:23","date_gmt":"2023-11-03T08:53:23","guid":{"rendered":"https:\/\/mueblesitalianos.com\/site\/?post_type=product&#038;p=3348"},"modified":"2023-11-04T04:36:41","modified_gmt":"2023-11-04T04:36:41","slug":"espejo-hawaii","status":"publish","type":"product","link":"https:\/\/mueblesitalianos.com\/site\/producto\/espejo-hawaii\/","title":{"rendered":"ESPEJO HAWAII"},"content":{"rendered":"<p>Cinco\u00a0<strong>espejos de pared modernos<\/strong>, tal como cinco son las islas mayores del paradis\u00edaco archipi\u00e9lago de Haw\u00e1i. T\u00f3mese un momento, imagine su pared decorada por los espejos de formas irregulares\u00a0<b>Hawaii<\/b>, que evocan la naturaleza libre de contaminaci\u00f3n. \u00bfQu\u00e9 combinaci\u00f3n observa? La delicadeza de las formas biseladas se conjuga con la excelente calidad del cristal espejado, para lograr una decoraci\u00f3n fascinante y ex\u00f3tica. El borde espejado se elabora para obtener una interrupci\u00f3n en la reflexi\u00f3n, creando de este modo un marco bien definido, pero discreto y delicado. Esta familia de\u00a0<strong>espejos modernos<\/strong>\u00a0se completa con dos versiones de mayor tama\u00f1o: el espejo\u00a0<b>Hawaii Magnum<\/b>\u00a0con forma irregular, y el\u00a0<strong>espejo redondo<\/strong>\u00a0<b>Hawaii Round<\/b>.<\/p>\n<p>98x100h &#8211; B cristal<\/p>\n","protected":false},"excerpt":{"rendered":"<p>Cinco\u00a0espejos de pared modernos, tal como cinco son las islas mayores del paradis\u00edaco archipi\u00e9lago de Haw\u00e1i. T\u00f3mese un momento, imagine su pared decorada por los espejos de formas irregulares\u00a0Hawaii, que evocan la naturaleza libre de contaminaci\u00f3n. \u00bfQu\u00e9 combinaci\u00f3n observa? La delicadeza de las formas biseladas se conjuga con la excelente calidad del cristal espejado, para [&hellip;]<\/p>\n","protected":false},"featured_media":3644,"template":"","meta":{"_joinchat":[]},"product_cat":[21],"product_tag":[],"class_list":{"0":"post-3348","1":"product","2":"type-product","3":"status-publish","4":"has-post-thumbnail","6":"product_cat-cattelan-italia-collection","8":"first","9":"instock","10":"shipping-taxable","11":"purchasable","12":"product-type-simple"},"aioseo_notices":[],"_links":{"self":[{"href":"https:\/\/mueblesitalianos.com\/site\/wp-json\/wp\/v2\/product\/3348","targetHints":{"allow":["GET"]}}],"collection":[{"href":"https:\/\/mueblesitalianos.com\/site\/wp-json\/wp\/v2\/product"}],"about":[{"href":"https:\/\/mueblesitalianos.com\/site\/wp-json\/wp\/v2\/types\/product"}],"wp:featuredmedia":[{"embeddable":true,"href":"https:\/\/mueblesitalianos.com\/site\/wp-json\/wp\/v2\/media\/3644"}],"wp:attachment":[{"href":"https:\/\/mueblesitalianos.com\/site\/wp-json\/wp\/v2\/media?parent=3348"}],"wp:term":[{"taxonomy":"product_cat","embeddable":true,"href":"https:\/\/mueblesitalianos.com\/site\/wp-json\/wp\/v2\/product_cat?post=3348"},{"taxonomy":"product_tag","embeddable":true,"href":"https:\/\/mueblesitalianos.com\/site\/wp-json\/wp\/v2\/product_tag?post=3348"}],"curies":[{"name":"wp","href":"https:\/\/api.w.org\/{rel}","templated":true}]}}