{"id":3367,"date":"2023-11-03T09:12:15","date_gmt":"2023-11-03T09:12:15","guid":{"rendered":"https:\/\/mueblesitalianos.com\/site\/?post_type=product&#038;p=3367"},"modified":"2023-11-04T06:36:00","modified_gmt":"2023-11-04T06:36:00","slug":"taburete-isabel","status":"publish","type":"product","link":"https:\/\/mueblesitalianos.com\/site\/producto\/taburete-isabel\/","title":{"rendered":"TABURETE ISABEL"},"content":{"rendered":"<p>En un di\u00e1logo continuo entre pasado reciente y futuro pr\u00f3ximo,\u00a0<b>Isabel<\/b>\u00a0&#8211; de la firma Paolo Cattelan &#8211; lleva la delantera en la categor\u00eda\u00a0<strong>sillas elegantes acolchadas<\/strong>, con un dise\u00f1o que traspasa las barreras del tiempo.Gracias a la conjugaci\u00f3n entre la ergonom\u00eda y el confort de los cojines revestidos, en sinergia con una est\u00e9tica discreta, esta\u00a0<strong>silla moderna de dise\u00f1o<\/strong>\u00a0resulta ser la soluci\u00f3n perfecta para la\u00a0<strong>sala de estar<\/strong>. La consigna es la comodidad, el blando coj\u00edn parece cubrir delicadamente el asiento y envolver el respaldo, que se ofrece tambi\u00e9n en versi\u00f3n alta.La gran familia Isabel incluye, tambi\u00e9n,\u00a0<strong>sillas con apoyabrazos elegantes<\/strong>, adem\u00e1s de\u00a0<strong>taburetes de dise\u00f1o<\/strong>\u00a0y para cocina ideales incluso en proyectos de\u00a0<strong>dise\u00f1o de interiores<\/strong>. Tanto la silla como el taburete se fabrican tambi\u00e9n en versi\u00f3n\u00a0<b>Isabel ML<\/b>, con patas de acero a la vista, esbeltas y elegantes.<\/p>\n<p>46,5&#215;52,5&#215;106,5h &#8211;<br \/>\nA revestimiento piel 951 CASTORO<\/p>\n","protected":false},"excerpt":{"rendered":"<p>En un di\u00e1logo continuo entre pasado reciente y futuro pr\u00f3ximo,\u00a0Isabel\u00a0&#8211; de la firma Paolo Cattelan &#8211; lleva la delantera en la categor\u00eda\u00a0sillas elegantes acolchadas, con un dise\u00f1o que traspasa las barreras del tiempo.Gracias a la conjugaci\u00f3n entre la ergonom\u00eda y el confort de los cojines revestidos, en sinergia con una est\u00e9tica discreta, esta\u00a0silla moderna de [&hellip;]<\/p>\n","protected":false},"featured_media":3670,"template":"","meta":{"_joinchat":[]},"product_cat":[21],"product_tag":[],"class_list":{"0":"post-3367","1":"product","2":"type-product","3":"status-publish","4":"has-post-thumbnail","6":"product_cat-cattelan-italia-collection","8":"first","9":"instock","10":"shipping-taxable","11":"purchasable","12":"product-type-simple"},"aioseo_notices":[],"_links":{"self":[{"href":"https:\/\/mueblesitalianos.com\/site\/wp-json\/wp\/v2\/product\/3367","targetHints":{"allow":["GET"]}}],"collection":[{"href":"https:\/\/mueblesitalianos.com\/site\/wp-json\/wp\/v2\/product"}],"about":[{"href":"https:\/\/mueblesitalianos.com\/site\/wp-json\/wp\/v2\/types\/product"}],"wp:featuredmedia":[{"embeddable":true,"href":"https:\/\/mueblesitalianos.com\/site\/wp-json\/wp\/v2\/media\/3670"}],"wp:attachment":[{"href":"https:\/\/mueblesitalianos.com\/site\/wp-json\/wp\/v2\/media?parent=3367"}],"wp:term":[{"taxonomy":"product_cat","embeddable":true,"href":"https:\/\/mueblesitalianos.com\/site\/wp-json\/wp\/v2\/product_cat?post=3367"},{"taxonomy":"product_tag","embeddable":true,"href":"https:\/\/mueblesitalianos.com\/site\/wp-json\/wp\/v2\/product_tag?post=3367"}],"curies":[{"name":"wp","href":"https:\/\/api.w.org\/{rel}","templated":true}]}}