{"id":3375,"date":"2023-11-03T09:44:00","date_gmt":"2023-11-03T09:44:00","guid":{"rendered":"https:\/\/mueblesitalianos.com\/site\/?post_type=product&#038;p=3375"},"modified":"2023-11-04T04:24:10","modified_gmt":"2023-11-04T04:24:10","slug":"consola-terminal-keramik-premium","status":"publish","type":"product","link":"https:\/\/mueblesitalianos.com\/site\/producto\/consola-terminal-keramik-premium\/","title":{"rendered":"CONSOLA TERMINAL KERAMIK PREMIUM"},"content":{"rendered":"<p>La\u00a0<strong>consola de dise\u00f1o<\/strong>\u00a0Terminal se adapta a diferentes espacios y necesidades, se puede utilizar como consola de entrada o en cualquier \u00e1ngulo de la casa. Terminal destaca por su dise\u00f1o finamente concebido, su calidad y su oferta de materias primas.<br \/>\nLa colecci\u00f3n incluye dos versiones de\u00a0<strong>consolas modernas<\/strong>\u00a0con sobre de madera:\u00a0<strong>Terminal<\/strong>\u00a0con borde irregular en macizo y\u00a0<strong>Terminal Wood-C<\/strong>\u00a0con perfil inferior redondeado barnizado.<br \/>\n<b>Terminal Keramik Premium<\/b>\u00a0y\u00a0<b>Terminal Keramik Drive<\/b>, en cambio, representan un homenaje a las\u00a0<strong>consolas con sobre de m\u00e1rmol<\/strong>, disponibles en numerosas y exclusivas tonalidades. La primera se destaca por el elegante marco Brushed Bronze o Brushed Grey. Mientras que la segunda es una\u00a0<strong>mesa consola extensible<\/strong>\u00a0que, gracias a un ingenioso mecanismo de extensiones y soportes, alcanza los 2 metros de longitud, convirti\u00e9ndose en una magn\u00edfica mesa, lista para recibir a los invitados.<\/p>\n<p>160x48x75h base brushed grey &#8211;<br \/>\nperfil brushed grey &#8211; sobre<br \/>\ncer\u00e1mica KZ KZ20 Zefiro<\/p>\n","protected":false},"excerpt":{"rendered":"<p>La\u00a0consola de dise\u00f1o\u00a0Terminal se adapta a diferentes espacios y necesidades, se puede utilizar como consola de entrada o en cualquier \u00e1ngulo de la casa. Terminal destaca por su dise\u00f1o finamente concebido, su calidad y su oferta de materias primas. La colecci\u00f3n incluye dos versiones de\u00a0consolas modernas\u00a0con sobre de madera:\u00a0Terminal\u00a0con borde irregular en macizo y\u00a0Terminal Wood-C\u00a0con [&hellip;]<\/p>\n","protected":false},"featured_media":3642,"template":"","meta":{"_joinchat":[]},"product_cat":[21],"product_tag":[],"class_list":{"0":"post-3375","1":"product","2":"type-product","3":"status-publish","4":"has-post-thumbnail","6":"product_cat-cattelan-italia-collection","8":"first","9":"instock","10":"shipping-taxable","11":"purchasable","12":"product-type-simple"},"aioseo_notices":[],"_links":{"self":[{"href":"https:\/\/mueblesitalianos.com\/site\/wp-json\/wp\/v2\/product\/3375","targetHints":{"allow":["GET"]}}],"collection":[{"href":"https:\/\/mueblesitalianos.com\/site\/wp-json\/wp\/v2\/product"}],"about":[{"href":"https:\/\/mueblesitalianos.com\/site\/wp-json\/wp\/v2\/types\/product"}],"wp:featuredmedia":[{"embeddable":true,"href":"https:\/\/mueblesitalianos.com\/site\/wp-json\/wp\/v2\/media\/3642"}],"wp:attachment":[{"href":"https:\/\/mueblesitalianos.com\/site\/wp-json\/wp\/v2\/media?parent=3375"}],"wp:term":[{"taxonomy":"product_cat","embeddable":true,"href":"https:\/\/mueblesitalianos.com\/site\/wp-json\/wp\/v2\/product_cat?post=3375"},{"taxonomy":"product_tag","embeddable":true,"href":"https:\/\/mueblesitalianos.com\/site\/wp-json\/wp\/v2\/product_tag?post=3375"}],"curies":[{"name":"wp","href":"https:\/\/api.w.org\/{rel}","templated":true}]}}