{"id":3393,"date":"2023-11-03T10:01:21","date_gmt":"2023-11-03T10:01:21","guid":{"rendered":"https:\/\/mueblesitalianos.com\/site\/?post_type=product&#038;p=3393"},"modified":"2023-11-06T17:19:55","modified_gmt":"2023-11-06T17:19:55","slug":"silla-belinda","status":"publish","type":"product","link":"https:\/\/mueblesitalianos.com\/site\/producto\/silla-belinda\/","title":{"rendered":"SILLA BELINDA"},"content":{"rendered":"<p>Las sillas\u00a0<b>Belinda<\/b>\u00a0son la expresi\u00f3n de un dise\u00f1o confortable y envolvente. Con delicados pliegues en el respaldo y una ligera curvatura del bastidor, esta\u00a0<strong>silla de dise\u00f1o para mesa de comedor<\/strong>\u00a0encuentra su m\u00e1xima expresi\u00f3n en la versi\u00f3n de la\u00a0<strong>silla con apoyabrazos<\/strong>, que parecen abrazar todo el asiento. La estructura de madera de la\u00a0<strong>silla de piel<\/strong>\u00a0Belinda presenta vetas naturales del material que imponen su personalidad. Mientras que en la versi\u00f3n\u00a0<b>Belinda ML<\/b>, las patas de acero brindan un aspecto m\u00e1s longil\u00edneo y luminoso, como as\u00ed tambi\u00e9n la ventaja de poder manipularla con m\u00e1s facilidad, siendo adecuado para los proyectos de\u00a0<strong>dise\u00f1o de interiores<\/strong>.<\/p>\n<p>53,5x59x86h<br \/>\nestructura madera frRB fresno<br \/>\nbarnizado roble ahumado &#8211; asiento<br \/>\npiel 977 PIOMBO<\/p>\n","protected":false},"excerpt":{"rendered":"<p>Las sillas\u00a0Belinda\u00a0son la expresi\u00f3n de un dise\u00f1o confortable y envolvente. Con delicados pliegues en el respaldo y una ligera curvatura del bastidor, esta\u00a0silla de dise\u00f1o para mesa de comedor\u00a0encuentra su m\u00e1xima expresi\u00f3n en la versi\u00f3n de la\u00a0silla con apoyabrazos, que parecen abrazar todo el asiento. La estructura de madera de la\u00a0silla de piel\u00a0Belinda presenta vetas [&hellip;]<\/p>\n","protected":false},"featured_media":3776,"template":"","meta":{"_joinchat":[]},"product_cat":[21],"product_tag":[],"class_list":{"0":"post-3393","1":"product","2":"type-product","3":"status-publish","4":"has-post-thumbnail","6":"product_cat-cattelan-italia-collection","8":"first","9":"instock","10":"shipping-taxable","11":"purchasable","12":"product-type-simple"},"aioseo_notices":[],"_links":{"self":[{"href":"https:\/\/mueblesitalianos.com\/site\/wp-json\/wp\/v2\/product\/3393","targetHints":{"allow":["GET"]}}],"collection":[{"href":"https:\/\/mueblesitalianos.com\/site\/wp-json\/wp\/v2\/product"}],"about":[{"href":"https:\/\/mueblesitalianos.com\/site\/wp-json\/wp\/v2\/types\/product"}],"wp:featuredmedia":[{"embeddable":true,"href":"https:\/\/mueblesitalianos.com\/site\/wp-json\/wp\/v2\/media\/3776"}],"wp:attachment":[{"href":"https:\/\/mueblesitalianos.com\/site\/wp-json\/wp\/v2\/media?parent=3393"}],"wp:term":[{"taxonomy":"product_cat","embeddable":true,"href":"https:\/\/mueblesitalianos.com\/site\/wp-json\/wp\/v2\/product_cat?post=3393"},{"taxonomy":"product_tag","embeddable":true,"href":"https:\/\/mueblesitalianos.com\/site\/wp-json\/wp\/v2\/product_tag?post=3393"}],"curies":[{"name":"wp","href":"https:\/\/api.w.org\/{rel}","templated":true}]}}