{"id":3423,"date":"2023-11-03T10:22:58","date_gmt":"2023-11-03T10:22:58","guid":{"rendered":"https:\/\/mueblesitalianos.com\/site\/?post_type=product&#038;p=3423"},"modified":"2023-11-04T04:27:21","modified_gmt":"2023-11-04T04:27:21","slug":"lampara-circuit","status":"publish","type":"product","link":"https:\/\/mueblesitalianos.com\/site\/producto\/lampara-circuit\/","title":{"rendered":"LAMPARA CIRCUIT"},"content":{"rendered":"<p>Los s\u00edmbolos gr\u00e1ficos denotan la est\u00e9tica ic\u00f3nica de la\u00a0<strong>l\u00e1mpara de sobremesa moderna<\/strong>\u00a0<b>Circuit<\/b>, el sistema de l\u00e1mparas, de la firma Design STC Studio, compuesto por la versi\u00f3n de techo y aplique.Peque\u00f1as pantallas de vidrio borosilicato se perfilan en la estructura de acero pintado gofrado, titanio y n\u00edquel satinado, creando su propia constelaci\u00f3n personal de iluminaci\u00f3n LED. Esta\u00a0<strong>l\u00e1mpara de techo moderna<\/strong>\u00a0y su respectivo\u00a0<strong>aplique de dise\u00f1o<\/strong>\u00a0son el fruto de la uni\u00f3n entre t\u00e9cnicas de fabricaci\u00f3n de vanguardia y la atenci\u00f3n puesta en los detalles, que distingue a la elaboraci\u00f3n de alta calidad.<\/p>\n<p>107x69x11h &#8211; A3<br \/>\nestructura metal GFM11 gofrado<br \/>\ntitanio &#8211; pantalla cristal<br \/>\ntransparente &#8211; cristal fum\u00e9<br \/>\n( 8 l\u00e0mparas)<\/p>\n","protected":false},"excerpt":{"rendered":"<p>Los s\u00edmbolos gr\u00e1ficos denotan la est\u00e9tica ic\u00f3nica de la\u00a0l\u00e1mpara de sobremesa moderna\u00a0Circuit, el sistema de l\u00e1mparas, de la firma Design STC Studio, compuesto por la versi\u00f3n de techo y aplique.Peque\u00f1as pantallas de vidrio borosilicato se perfilan en la estructura de acero pintado gofrado, titanio y n\u00edquel satinado, creando su propia constelaci\u00f3n personal de iluminaci\u00f3n LED. [&hellip;]<\/p>\n","protected":false},"featured_media":3641,"template":"","meta":{"_joinchat":[]},"product_cat":[21],"product_tag":[],"class_list":{"0":"post-3423","1":"product","2":"type-product","3":"status-publish","4":"has-post-thumbnail","6":"product_cat-cattelan-italia-collection","8":"first","9":"instock","10":"shipping-taxable","11":"purchasable","12":"product-type-simple"},"aioseo_notices":[],"_links":{"self":[{"href":"https:\/\/mueblesitalianos.com\/site\/wp-json\/wp\/v2\/product\/3423","targetHints":{"allow":["GET"]}}],"collection":[{"href":"https:\/\/mueblesitalianos.com\/site\/wp-json\/wp\/v2\/product"}],"about":[{"href":"https:\/\/mueblesitalianos.com\/site\/wp-json\/wp\/v2\/types\/product"}],"wp:featuredmedia":[{"embeddable":true,"href":"https:\/\/mueblesitalianos.com\/site\/wp-json\/wp\/v2\/media\/3641"}],"wp:attachment":[{"href":"https:\/\/mueblesitalianos.com\/site\/wp-json\/wp\/v2\/media?parent=3423"}],"wp:term":[{"taxonomy":"product_cat","embeddable":true,"href":"https:\/\/mueblesitalianos.com\/site\/wp-json\/wp\/v2\/product_cat?post=3423"},{"taxonomy":"product_tag","embeddable":true,"href":"https:\/\/mueblesitalianos.com\/site\/wp-json\/wp\/v2\/product_tag?post=3423"}],"curies":[{"name":"wp","href":"https:\/\/api.w.org\/{rel}","templated":true}]}}