{"id":3427,"date":"2023-11-03T10:25:56","date_gmt":"2023-11-03T10:25:56","guid":{"rendered":"https:\/\/mueblesitalianos.com\/site\/?post_type=product&#038;p=3427"},"modified":"2023-11-04T05:55:32","modified_gmt":"2023-11-04T05:55:32","slug":"estanteria-drop","status":"publish","type":"product","link":"https:\/\/mueblesitalianos.com\/site\/producto\/estanteria-drop\/","title":{"rendered":"ESTANTERIA DROP"},"content":{"rendered":"<p>Con una forma de gota que evoca su funci\u00f3n, este\u00a0<strong>porta-botellas de pared<\/strong>\u00a0es un complemento original para su\u00a0<strong>sala de estar de dise\u00f1o<\/strong>. Las botellas y los objetos exhibidos hacen de\u00a0<b>Drop<\/b>\u00a0un objeto de dise\u00f1o decorativo y, al mismo tiempo, funcional. La colecci\u00f3n de\u00a0<strong>estanter\u00edas modernas<\/strong>\u00a0Cattelan Italia es la expresi\u00f3n de la inspiraci\u00f3n creativa y de la b\u00fasqueda del estilo de la empresa. La minuciosa atenci\u00f3n en los detalles y en los acabados garantiza su calidad y durabilidad, caracter\u00edsticas esenciales para decorar un refinado\u00a0<strong>comedor de dise\u00f1o<\/strong>.<\/p>\n<p>70x23x121h GFM11<br \/>\ngofrado titanio &#8211; rejilla y estante<br \/>\nmetal OP17 negro mate<\/p>\n","protected":false},"excerpt":{"rendered":"<p>Con una forma de gota que evoca su funci\u00f3n, este\u00a0porta-botellas de pared\u00a0es un complemento original para su\u00a0sala de estar de dise\u00f1o. Las botellas y los objetos exhibidos hacen de\u00a0Drop\u00a0un objeto de dise\u00f1o decorativo y, al mismo tiempo, funcional. La colecci\u00f3n de\u00a0estanter\u00edas modernas\u00a0Cattelan Italia es la expresi\u00f3n de la inspiraci\u00f3n creativa y de la b\u00fasqueda del [&hellip;]<\/p>\n","protected":false},"featured_media":3653,"template":"","meta":{"_joinchat":[]},"product_cat":[21],"product_tag":[],"class_list":{"0":"post-3427","1":"product","2":"type-product","3":"status-publish","4":"has-post-thumbnail","6":"product_cat-cattelan-italia-collection","8":"first","9":"instock","10":"shipping-taxable","11":"purchasable","12":"product-type-simple"},"aioseo_notices":[],"_links":{"self":[{"href":"https:\/\/mueblesitalianos.com\/site\/wp-json\/wp\/v2\/product\/3427","targetHints":{"allow":["GET"]}}],"collection":[{"href":"https:\/\/mueblesitalianos.com\/site\/wp-json\/wp\/v2\/product"}],"about":[{"href":"https:\/\/mueblesitalianos.com\/site\/wp-json\/wp\/v2\/types\/product"}],"wp:featuredmedia":[{"embeddable":true,"href":"https:\/\/mueblesitalianos.com\/site\/wp-json\/wp\/v2\/media\/3653"}],"wp:attachment":[{"href":"https:\/\/mueblesitalianos.com\/site\/wp-json\/wp\/v2\/media?parent=3427"}],"wp:term":[{"taxonomy":"product_cat","embeddable":true,"href":"https:\/\/mueblesitalianos.com\/site\/wp-json\/wp\/v2\/product_cat?post=3427"},{"taxonomy":"product_tag","embeddable":true,"href":"https:\/\/mueblesitalianos.com\/site\/wp-json\/wp\/v2\/product_tag?post=3427"}],"curies":[{"name":"wp","href":"https:\/\/api.w.org\/{rel}","templated":true}]}}