{"id":3435,"date":"2023-11-03T10:33:52","date_gmt":"2023-11-03T10:33:52","guid":{"rendered":"https:\/\/mueblesitalianos.com\/site\/?post_type=product&#038;p=3435"},"modified":"2023-11-04T06:03:58","modified_gmt":"2023-11-04T06:03:58","slug":"estanteria-airport","status":"publish","type":"product","link":"https:\/\/mueblesitalianos.com\/site\/producto\/estanteria-airport\/","title":{"rendered":"ESTANTERIA AIRPORT"},"content":{"rendered":"<p>La\u00a0<strong>estanter\u00eda modular de dise\u00f1o<\/strong>, con el sello creativo de Giorgio Cattelan, es escenogr\u00e1fica, vers\u00e1til y funcional.Aut\u00e9ntica expresi\u00f3n de su estilo,\u00a0<b>Airport<\/b>\u00a0es un sistema de mobiliario flexible, que puede personalizarse a medida. Con fijaci\u00f3n de pared o de techo, puede colocarse tanto en contra de la pared, incluso en versi\u00f3n angular, como en el centro de la habitaci\u00f3n. En efecto, es perfecta como elemento divisorio de un gran ambiente, gracias a los\u00a0<strong>estantes de madera<\/strong>\u00a0y a los pr\u00e1cticos contenedores.La b\u00fasqueda en los materiales de alt\u00edsima calidad se expresa en la gama de los acabados propuestos para esta\u00a0<strong>estanter\u00eda de madera moderna<\/strong>: exactamente 11 entre maderas y acero, incluidos los nuevos Brushed Bronze y Brushed Grey, que iluminan la sala de estar con un toque de brillo.<\/p>\n<p>B soporte para<br \/>\nestante metal GFM73 gofrado negro<\/p>\n","protected":false},"excerpt":{"rendered":"<p>La\u00a0estanter\u00eda modular de dise\u00f1o, con el sello creativo de Giorgio Cattelan, es escenogr\u00e1fica, vers\u00e1til y funcional.Aut\u00e9ntica expresi\u00f3n de su estilo,\u00a0Airport\u00a0es un sistema de mobiliario flexible, que puede personalizarse a medida. Con fijaci\u00f3n de pared o de techo, puede colocarse tanto en contra de la pared, incluso en versi\u00f3n angular, como en el centro de la [&hellip;]<\/p>\n","protected":false},"featured_media":3647,"template":"","meta":{"_joinchat":[]},"product_cat":[21],"product_tag":[],"class_list":{"0":"post-3435","1":"product","2":"type-product","3":"status-publish","4":"has-post-thumbnail","6":"product_cat-cattelan-italia-collection","8":"first","9":"instock","10":"shipping-taxable","11":"purchasable","12":"product-type-simple"},"aioseo_notices":[],"_links":{"self":[{"href":"https:\/\/mueblesitalianos.com\/site\/wp-json\/wp\/v2\/product\/3435","targetHints":{"allow":["GET"]}}],"collection":[{"href":"https:\/\/mueblesitalianos.com\/site\/wp-json\/wp\/v2\/product"}],"about":[{"href":"https:\/\/mueblesitalianos.com\/site\/wp-json\/wp\/v2\/types\/product"}],"wp:featuredmedia":[{"embeddable":true,"href":"https:\/\/mueblesitalianos.com\/site\/wp-json\/wp\/v2\/media\/3647"}],"wp:attachment":[{"href":"https:\/\/mueblesitalianos.com\/site\/wp-json\/wp\/v2\/media?parent=3435"}],"wp:term":[{"taxonomy":"product_cat","embeddable":true,"href":"https:\/\/mueblesitalianos.com\/site\/wp-json\/wp\/v2\/product_cat?post=3435"},{"taxonomy":"product_tag","embeddable":true,"href":"https:\/\/mueblesitalianos.com\/site\/wp-json\/wp\/v2\/product_tag?post=3435"}],"curies":[{"name":"wp","href":"https:\/\/api.w.org\/{rel}","templated":true}]}}