{"id":3440,"date":"2023-11-03T11:42:11","date_gmt":"2023-11-03T11:42:11","guid":{"rendered":"https:\/\/mueblesitalianos.com\/site\/?post_type=product&#038;p=3440"},"modified":"2023-11-04T07:36:29","modified_gmt":"2023-11-04T07:36:29","slug":"rabbit-flock","status":"publish","type":"product","link":"https:\/\/mueblesitalianos.com\/site\/producto\/rabbit-flock\/","title":{"rendered":"Rabbit Flock"},"content":{"rendered":"<p>\u00a1S\u00fabete a este extraordinario!\u00a0La silla Rabbit, dise\u00f1ada por Stefano Giovannoni, se puede utilizar indistintamente apoy\u00e1ndose en las orejas o en el lado opuesto, mont\u00e1ndola y apoyando los antebrazos en las orejas.\u00a0El hat trick m\u00e1s aut\u00e9ntico de Qeeboo, presenta una superficie aterciopelada, m\u00e1s suave al tacto.\u00a0Apto \u00fanicamente para uso en interiores.<\/p>\n","protected":false},"excerpt":{"rendered":"<p>\u00a1S\u00fabete a este extraordinario!\u00a0La silla Rabbit, dise\u00f1ada por Stefano Giovannoni, se puede utilizar indistintamente apoy\u00e1ndose en las orejas o en el lado opuesto, mont\u00e1ndola y apoyando los antebrazos en las orejas.\u00a0El hat trick m\u00e1s aut\u00e9ntico de Qeeboo, presenta una superficie aterciopelada, m\u00e1s suave al tacto.\u00a0Apto \u00fanicamente para uso en interiores.<\/p>\n","protected":false},"featured_media":3703,"template":"","meta":{"_joinchat":[]},"product_cat":[93],"product_tag":[],"class_list":{"0":"post-3440","1":"product","2":"type-product","3":"status-publish","4":"has-post-thumbnail","6":"product_cat-qeeboo","7":"pa_color-dark-gold","8":"pa_color-orange","10":"first","11":"instock","12":"shipping-taxable","13":"purchasable","14":"product-type-simple"},"aioseo_notices":[],"_links":{"self":[{"href":"https:\/\/mueblesitalianos.com\/site\/wp-json\/wp\/v2\/product\/3440","targetHints":{"allow":["GET"]}}],"collection":[{"href":"https:\/\/mueblesitalianos.com\/site\/wp-json\/wp\/v2\/product"}],"about":[{"href":"https:\/\/mueblesitalianos.com\/site\/wp-json\/wp\/v2\/types\/product"}],"wp:featuredmedia":[{"embeddable":true,"href":"https:\/\/mueblesitalianos.com\/site\/wp-json\/wp\/v2\/media\/3703"}],"wp:attachment":[{"href":"https:\/\/mueblesitalianos.com\/site\/wp-json\/wp\/v2\/media?parent=3440"}],"wp:term":[{"taxonomy":"product_cat","embeddable":true,"href":"https:\/\/mueblesitalianos.com\/site\/wp-json\/wp\/v2\/product_cat?post=3440"},{"taxonomy":"product_tag","embeddable":true,"href":"https:\/\/mueblesitalianos.com\/site\/wp-json\/wp\/v2\/product_tag?post=3440"}],"curies":[{"name":"wp","href":"https:\/\/api.w.org\/{rel}","templated":true}]}}