{"id":3447,"date":"2023-11-03T11:45:48","date_gmt":"2023-11-03T11:45:48","guid":{"rendered":"https:\/\/mueblesitalianos.com\/site\/?post_type=product&#038;p=3447"},"modified":"2023-11-04T07:37:37","modified_gmt":"2023-11-04T07:37:37","slug":"fallen-chandelier-white","status":"publish","type":"product","link":"https:\/\/mueblesitalianos.com\/site\/producto\/fallen-chandelier-white\/","title":{"rendered":"Fallen Chandelier White"},"content":{"rendered":"<p><span lang=\"EN-US\">Fallen Chandelier es una l\u00e1mpara recargable inal\u00e1mbrica de tama\u00f1o M adecuada para ambientes interiores y exteriores, dise\u00f1ada por Studio Job.\u00a0<\/span><span lang=\"EN-US\">Influenciado por las curvas cl\u00e1sicas de Thonet del siglo XIX, este objeto viaja a trav\u00e9s del tiempo para ser el protagonista destacado en cada lugar que habita y\u00a0<\/span><span lang=\"EN-US\">acompa\u00f1arlo en un sue\u00f1o atemporal de elegancia.\u00a0<\/span>Se puede regular a distancia mediante mando a distancia.<\/p>\n","protected":false},"excerpt":{"rendered":"<p>Fallen Chandelier es una l\u00e1mpara recargable inal\u00e1mbrica de tama\u00f1o M adecuada para ambientes interiores y exteriores, dise\u00f1ada por Studio Job.\u00a0Influenciado por las curvas cl\u00e1sicas de Thonet del siglo XIX, este objeto viaja a trav\u00e9s del tiempo para ser el protagonista destacado en cada lugar que habita y\u00a0acompa\u00f1arlo en un sue\u00f1o atemporal de elegancia.\u00a0Se puede regular [&hellip;]<\/p>\n","protected":false},"featured_media":3702,"template":"","meta":{"_joinchat":[]},"product_cat":[93],"product_tag":[],"class_list":{"0":"post-3447","1":"product","2":"type-product","3":"status-publish","4":"has-post-thumbnail","6":"product_cat-qeeboo","8":"first","9":"instock","10":"shipping-taxable","11":"purchasable","12":"product-type-simple"},"aioseo_notices":[],"_links":{"self":[{"href":"https:\/\/mueblesitalianos.com\/site\/wp-json\/wp\/v2\/product\/3447","targetHints":{"allow":["GET"]}}],"collection":[{"href":"https:\/\/mueblesitalianos.com\/site\/wp-json\/wp\/v2\/product"}],"about":[{"href":"https:\/\/mueblesitalianos.com\/site\/wp-json\/wp\/v2\/types\/product"}],"wp:featuredmedia":[{"embeddable":true,"href":"https:\/\/mueblesitalianos.com\/site\/wp-json\/wp\/v2\/media\/3702"}],"wp:attachment":[{"href":"https:\/\/mueblesitalianos.com\/site\/wp-json\/wp\/v2\/media?parent=3447"}],"wp:term":[{"taxonomy":"product_cat","embeddable":true,"href":"https:\/\/mueblesitalianos.com\/site\/wp-json\/wp\/v2\/product_cat?post=3447"},{"taxonomy":"product_tag","embeddable":true,"href":"https:\/\/mueblesitalianos.com\/site\/wp-json\/wp\/v2\/product_tag?post=3447"}],"curies":[{"name":"wp","href":"https:\/\/api.w.org\/{rel}","templated":true}]}}