{"id":3459,"date":"2023-11-03T11:50:12","date_gmt":"2023-11-03T11:50:12","guid":{"rendered":"https:\/\/mueblesitalianos.com\/site\/?post_type=product&#038;p=3459"},"modified":"2023-11-04T07:40:32","modified_gmt":"2023-11-04T07:40:32","slug":"flash-lamp-white","status":"publish","type":"product","link":"https:\/\/mueblesitalianos.com\/site\/producto\/flash-lamp-white\/","title":{"rendered":"Flash Lamp White"},"content":{"rendered":"<p>\u00a1No dejes lugar a la oscuridad en tu hogar con Flash, salvador del universo! Flash es una l\u00e1mpara con forma de linterna, dise\u00f1ada por Studio Job, que tiene una traza de luz iluminada que pretende ser un s\u00edmbolo de vida, progreso y salvaci\u00f3n frente a las sombras de nuestro vidas.\u00a0Inal\u00e1mbrico, con bater\u00eda recargable y luz LED, se puede regular a distancia mediante mando a distancia.<\/p>\n","protected":false},"excerpt":{"rendered":"<p>\u00a1No dejes lugar a la oscuridad en tu hogar con Flash, salvador del universo! Flash es una l\u00e1mpara con forma de linterna, dise\u00f1ada por Studio Job, que tiene una traza de luz iluminada que pretende ser un s\u00edmbolo de vida, progreso y salvaci\u00f3n frente a las sombras de nuestro vidas.\u00a0Inal\u00e1mbrico, con bater\u00eda recargable y luz [&hellip;]<\/p>\n","protected":false},"featured_media":3700,"template":"","meta":{"_joinchat":[]},"product_cat":[93],"product_tag":[],"class_list":{"0":"post-3459","1":"product","2":"type-product","3":"status-publish","4":"has-post-thumbnail","6":"product_cat-qeeboo","8":"first","9":"instock","10":"shipping-taxable","11":"purchasable","12":"product-type-simple"},"aioseo_notices":[],"_links":{"self":[{"href":"https:\/\/mueblesitalianos.com\/site\/wp-json\/wp\/v2\/product\/3459","targetHints":{"allow":["GET"]}}],"collection":[{"href":"https:\/\/mueblesitalianos.com\/site\/wp-json\/wp\/v2\/product"}],"about":[{"href":"https:\/\/mueblesitalianos.com\/site\/wp-json\/wp\/v2\/types\/product"}],"wp:featuredmedia":[{"embeddable":true,"href":"https:\/\/mueblesitalianos.com\/site\/wp-json\/wp\/v2\/media\/3700"}],"wp:attachment":[{"href":"https:\/\/mueblesitalianos.com\/site\/wp-json\/wp\/v2\/media?parent=3459"}],"wp:term":[{"taxonomy":"product_cat","embeddable":true,"href":"https:\/\/mueblesitalianos.com\/site\/wp-json\/wp\/v2\/product_cat?post=3459"},{"taxonomy":"product_tag","embeddable":true,"href":"https:\/\/mueblesitalianos.com\/site\/wp-json\/wp\/v2\/product_tag?post=3459"}],"curies":[{"name":"wp","href":"https:\/\/api.w.org\/{rel}","templated":true}]}}