{"id":3461,"date":"2023-11-03T11:51:26","date_gmt":"2023-11-03T11:51:26","guid":{"rendered":"https:\/\/mueblesitalianos.com\/site\/?post_type=product&#038;p=3461"},"modified":"2023-11-04T07:42:03","modified_gmt":"2023-11-04T07:42:03","slug":"flash-lamp-gold-metal","status":"publish","type":"product","link":"https:\/\/mueblesitalianos.com\/site\/producto\/flash-lamp-gold-metal\/","title":{"rendered":"Flash Lamp Gold  Metal"},"content":{"rendered":"<p>\u00a1Aqu\u00ed viene el destructor de sombras con su invencible luz llamativa!\u00a0Con forma de linterna y acabado en metal, la l\u00e1mpara Flash, dise\u00f1ada por Studio Job, es una linterna LED que resume historias de hombres, fantasmas y ni\u00f1os aventureros que destruyeron al aterrador monstruo debajo de sus camas.\u00a0Inal\u00e1mbrico, con bater\u00eda recargable y luz LED, se puede regular a distancia mediante mando a distancia.<\/p>\n","protected":false},"excerpt":{"rendered":"<p>\u00a1Aqu\u00ed viene el destructor de sombras con su invencible luz llamativa!\u00a0Con forma de linterna y acabado en metal, la l\u00e1mpara Flash, dise\u00f1ada por Studio Job, es una linterna LED que resume historias de hombres, fantasmas y ni\u00f1os aventureros que destruyeron al aterrador monstruo debajo de sus camas.\u00a0Inal\u00e1mbrico, con bater\u00eda recargable y luz LED, se puede [&hellip;]<\/p>\n","protected":false},"featured_media":3699,"template":"","meta":{"_joinchat":[]},"product_cat":[93],"product_tag":[],"class_list":{"0":"post-3461","1":"product","2":"type-product","3":"status-publish","4":"has-post-thumbnail","6":"product_cat-qeeboo","8":"first","9":"instock","10":"shipping-taxable","11":"purchasable","12":"product-type-simple"},"aioseo_notices":[],"_links":{"self":[{"href":"https:\/\/mueblesitalianos.com\/site\/wp-json\/wp\/v2\/product\/3461","targetHints":{"allow":["GET"]}}],"collection":[{"href":"https:\/\/mueblesitalianos.com\/site\/wp-json\/wp\/v2\/product"}],"about":[{"href":"https:\/\/mueblesitalianos.com\/site\/wp-json\/wp\/v2\/types\/product"}],"wp:featuredmedia":[{"embeddable":true,"href":"https:\/\/mueblesitalianos.com\/site\/wp-json\/wp\/v2\/media\/3699"}],"wp:attachment":[{"href":"https:\/\/mueblesitalianos.com\/site\/wp-json\/wp\/v2\/media?parent=3461"}],"wp:term":[{"taxonomy":"product_cat","embeddable":true,"href":"https:\/\/mueblesitalianos.com\/site\/wp-json\/wp\/v2\/product_cat?post=3461"},{"taxonomy":"product_tag","embeddable":true,"href":"https:\/\/mueblesitalianos.com\/site\/wp-json\/wp\/v2\/product_tag?post=3461"}],"curies":[{"name":"wp","href":"https:\/\/api.w.org\/{rel}","templated":true}]}}