{"id":3479,"date":"2023-11-03T12:09:36","date_gmt":"2023-11-03T12:09:36","guid":{"rendered":"https:\/\/mueblesitalianos.com\/site\/?post_type=product&#038;p=3479"},"modified":"2023-11-04T07:44:43","modified_gmt":"2023-11-04T07:44:43","slug":"loop-chair-white","status":"publish","type":"product","link":"https:\/\/mueblesitalianos.com\/site\/producto\/loop-chair-white\/","title":{"rendered":"Loop Chair White"},"content":{"rendered":"<p>Loop es una silla dise\u00f1ada por Front como una mara\u00f1a visual.\u00a0Con un respaldo con motivo de bucle, caracterizado por una sola l\u00ednea que se envuelve sobre s\u00ed misma, materializando el movimiento del l\u00e1piz en el espacio, la silla Loop se presenta en un juego de dos, est\u00e1 tapizada con cojines y es apta \u00fanicamente para uso en interiores.<\/p>\n","protected":false},"excerpt":{"rendered":"<p>Loop es una silla dise\u00f1ada por Front como una mara\u00f1a visual.\u00a0Con un respaldo con motivo de bucle, caracterizado por una sola l\u00ednea que se envuelve sobre s\u00ed misma, materializando el movimiento del l\u00e1piz en el espacio, la silla Loop se presenta en un juego de dos, est\u00e1 tapizada con cojines y es apta \u00fanicamente para [&hellip;]<\/p>\n","protected":false},"featured_media":3696,"template":"","meta":{"_joinchat":[]},"product_cat":[93],"product_tag":[],"class_list":{"0":"post-3479","1":"product","2":"type-product","3":"status-publish","4":"has-post-thumbnail","6":"product_cat-qeeboo","8":"first","9":"instock","10":"shipping-taxable","11":"purchasable","12":"product-type-simple"},"aioseo_notices":[],"_links":{"self":[{"href":"https:\/\/mueblesitalianos.com\/site\/wp-json\/wp\/v2\/product\/3479","targetHints":{"allow":["GET"]}}],"collection":[{"href":"https:\/\/mueblesitalianos.com\/site\/wp-json\/wp\/v2\/product"}],"about":[{"href":"https:\/\/mueblesitalianos.com\/site\/wp-json\/wp\/v2\/types\/product"}],"wp:featuredmedia":[{"embeddable":true,"href":"https:\/\/mueblesitalianos.com\/site\/wp-json\/wp\/v2\/media\/3696"}],"wp:attachment":[{"href":"https:\/\/mueblesitalianos.com\/site\/wp-json\/wp\/v2\/media?parent=3479"}],"wp:term":[{"taxonomy":"product_cat","embeddable":true,"href":"https:\/\/mueblesitalianos.com\/site\/wp-json\/wp\/v2\/product_cat?post=3479"},{"taxonomy":"product_tag","embeddable":true,"href":"https:\/\/mueblesitalianos.com\/site\/wp-json\/wp\/v2\/product_tag?post=3479"}],"curies":[{"name":"wp","href":"https:\/\/api.w.org\/{rel}","templated":true}]}}