{"id":3482,"date":"2023-11-03T12:13:32","date_gmt":"2023-11-03T12:13:32","guid":{"rendered":"https:\/\/mueblesitalianos.com\/site\/?post_type=product&#038;p=3482"},"modified":"2023-11-04T07:45:37","modified_gmt":"2023-11-04T07:45:37","slug":"turtle-carry-coffee-table-white","status":"publish","type":"product","link":"https:\/\/mueblesitalianos.com\/site\/producto\/turtle-carry-coffee-table-white\/","title":{"rendered":"Turtle Carry Coffee Table White"},"content":{"rendered":"<p>A veces nos pasa por hacer un sue\u00f1o surrealista que no podemos pensar racionalmente con los ojos bien abiertos.\u00a0Pero, \u00bfc\u00f3mo ser\u00eda despertarte justo despu\u00e9s y encontrarte con una tortuga llev\u00e1ndote una taza de caf\u00e9?\u00a0Mesita Turtle Carry dise\u00f1ada por Marcantonio, lleva en su caparaz\u00f3n una mesa de centro de madera firmemente anclada a su base.\u00a0\u00a1Para tus tazas de caf\u00e9 y m\u00e1s!<\/p>\n","protected":false},"excerpt":{"rendered":"<p>A veces nos pasa por hacer un sue\u00f1o surrealista que no podemos pensar racionalmente con los ojos bien abiertos.\u00a0Pero, \u00bfc\u00f3mo ser\u00eda despertarte justo despu\u00e9s y encontrarte con una tortuga llev\u00e1ndote una taza de caf\u00e9?\u00a0Mesita Turtle Carry dise\u00f1ada por Marcantonio, lleva en su caparaz\u00f3n una mesa de centro de madera firmemente anclada a su base.\u00a0\u00a1Para tus [&hellip;]<\/p>\n","protected":false},"featured_media":3695,"template":"","meta":{"_joinchat":[]},"product_cat":[93],"product_tag":[],"class_list":{"0":"post-3482","1":"product","2":"type-product","3":"status-publish","4":"has-post-thumbnail","6":"product_cat-qeeboo","8":"first","9":"instock","10":"shipping-taxable","11":"purchasable","12":"product-type-simple"},"aioseo_notices":[],"_links":{"self":[{"href":"https:\/\/mueblesitalianos.com\/site\/wp-json\/wp\/v2\/product\/3482","targetHints":{"allow":["GET"]}}],"collection":[{"href":"https:\/\/mueblesitalianos.com\/site\/wp-json\/wp\/v2\/product"}],"about":[{"href":"https:\/\/mueblesitalianos.com\/site\/wp-json\/wp\/v2\/types\/product"}],"wp:featuredmedia":[{"embeddable":true,"href":"https:\/\/mueblesitalianos.com\/site\/wp-json\/wp\/v2\/media\/3695"}],"wp:attachment":[{"href":"https:\/\/mueblesitalianos.com\/site\/wp-json\/wp\/v2\/media?parent=3482"}],"wp:term":[{"taxonomy":"product_cat","embeddable":true,"href":"https:\/\/mueblesitalianos.com\/site\/wp-json\/wp\/v2\/product_cat?post=3482"},{"taxonomy":"product_tag","embeddable":true,"href":"https:\/\/mueblesitalianos.com\/site\/wp-json\/wp\/v2\/product_tag?post=3482"}],"curies":[{"name":"wp","href":"https:\/\/api.w.org\/{rel}","templated":true}]}}