{"id":3492,"date":"2023-11-03T12:16:51","date_gmt":"2023-11-03T12:16:51","guid":{"rendered":"https:\/\/mueblesitalianos.com\/site\/?post_type=product&#038;p=3492"},"modified":"2023-11-04T07:47:39","modified_gmt":"2023-11-04T07:47:39","slug":"turtle-carry-pouf-white","status":"publish","type":"product","link":"https:\/\/mueblesitalianos.com\/site\/producto\/turtle-carry-pouf-white\/","title":{"rendered":"Turtle Carry Pouf  White"},"content":{"rendered":"<p>Turtle Carry Pouf, dise\u00f1ado por Marcantonio, lleva en su caparaz\u00f3n un mullido coj\u00edn que puede funcionar como asiento, reposapi\u00e9s o tablero adicional.\u00a0\u00a1Para tus momentos de relax!<\/p>\n","protected":false},"excerpt":{"rendered":"<p>Turtle Carry Pouf, dise\u00f1ado por Marcantonio, lleva en su caparaz\u00f3n un mullido coj\u00edn que puede funcionar como asiento, reposapi\u00e9s o tablero adicional.\u00a0\u00a1Para tus momentos de relax!<\/p>\n","protected":false},"featured_media":3693,"template":"","meta":{"_joinchat":[]},"product_cat":[93],"product_tag":[],"class_list":{"0":"post-3492","1":"product","2":"type-product","3":"status-publish","4":"has-post-thumbnail","6":"product_cat-qeeboo","8":"first","9":"instock","10":"shipping-taxable","11":"purchasable","12":"product-type-simple"},"aioseo_notices":[],"_links":{"self":[{"href":"https:\/\/mueblesitalianos.com\/site\/wp-json\/wp\/v2\/product\/3492","targetHints":{"allow":["GET"]}}],"collection":[{"href":"https:\/\/mueblesitalianos.com\/site\/wp-json\/wp\/v2\/product"}],"about":[{"href":"https:\/\/mueblesitalianos.com\/site\/wp-json\/wp\/v2\/types\/product"}],"wp:featuredmedia":[{"embeddable":true,"href":"https:\/\/mueblesitalianos.com\/site\/wp-json\/wp\/v2\/media\/3693"}],"wp:attachment":[{"href":"https:\/\/mueblesitalianos.com\/site\/wp-json\/wp\/v2\/media?parent=3492"}],"wp:term":[{"taxonomy":"product_cat","embeddable":true,"href":"https:\/\/mueblesitalianos.com\/site\/wp-json\/wp\/v2\/product_cat?post=3492"},{"taxonomy":"product_tag","embeddable":true,"href":"https:\/\/mueblesitalianos.com\/site\/wp-json\/wp\/v2\/product_tag?post=3492"}],"curies":[{"name":"wp","href":"https:\/\/api.w.org\/{rel}","templated":true}]}}