{"id":3496,"date":"2023-11-03T12:18:42","date_gmt":"2023-11-03T12:18:42","guid":{"rendered":"https:\/\/mueblesitalianos.com\/site\/?post_type=product&#038;p=3496"},"modified":"2023-11-04T07:49:00","modified_gmt":"2023-11-04T07:49:00","slug":"mexico-champagne-cooler-planter-led","status":"publish","type":"product","link":"https:\/\/mueblesitalianos.com\/site\/producto\/mexico-champagne-cooler-planter-led\/","title":{"rendered":"Mexico Champagne Cooler\/Planter LED"},"content":{"rendered":"<p>M\u00e9xico, dise\u00f1ada por Studio Job, es una l\u00e1mpara con forma de calavera con un patr\u00f3n gr\u00e1fico en la superficie, que funciona como alojamiento para plantas y tambi\u00e9n como enfriador de champ\u00e1n.\u00a0Recordando las tradicionales calaveras pintadas del pa\u00eds hom\u00f3nimo, M\u00e9xico es un recordatorio caprichoso del car\u00e1cter c\u00edclico de nuestra presencia en la Tierra, para exorcizar la muerte y celebrar la vida.\u00a0Perfecto para salones, comedores y espacios al aire libre.\u00a0Inal\u00e1mbrico, con bater\u00eda recargable, luz LED y 16 colores RGB diferentes intercambiables, se puede regular a distancia mediante mando a distancia.<\/p>\n","protected":false},"excerpt":{"rendered":"<p>M\u00e9xico, dise\u00f1ada por Studio Job, es una l\u00e1mpara con forma de calavera con un patr\u00f3n gr\u00e1fico en la superficie, que funciona como alojamiento para plantas y tambi\u00e9n como enfriador de champ\u00e1n.\u00a0Recordando las tradicionales calaveras pintadas del pa\u00eds hom\u00f3nimo, M\u00e9xico es un recordatorio caprichoso del car\u00e1cter c\u00edclico de nuestra presencia en la Tierra, para exorcizar la [&hellip;]<\/p>\n","protected":false},"featured_media":3692,"template":"","meta":{"_joinchat":[]},"product_cat":[93],"product_tag":[],"class_list":{"0":"post-3496","1":"product","2":"type-product","3":"status-publish","4":"has-post-thumbnail","6":"product_cat-qeeboo","8":"first","9":"instock","10":"shipping-taxable","11":"purchasable","12":"product-type-simple"},"aioseo_notices":[],"_links":{"self":[{"href":"https:\/\/mueblesitalianos.com\/site\/wp-json\/wp\/v2\/product\/3496","targetHints":{"allow":["GET"]}}],"collection":[{"href":"https:\/\/mueblesitalianos.com\/site\/wp-json\/wp\/v2\/product"}],"about":[{"href":"https:\/\/mueblesitalianos.com\/site\/wp-json\/wp\/v2\/types\/product"}],"wp:featuredmedia":[{"embeddable":true,"href":"https:\/\/mueblesitalianos.com\/site\/wp-json\/wp\/v2\/media\/3692"}],"wp:attachment":[{"href":"https:\/\/mueblesitalianos.com\/site\/wp-json\/wp\/v2\/media?parent=3496"}],"wp:term":[{"taxonomy":"product_cat","embeddable":true,"href":"https:\/\/mueblesitalianos.com\/site\/wp-json\/wp\/v2\/product_cat?post=3496"},{"taxonomy":"product_tag","embeddable":true,"href":"https:\/\/mueblesitalianos.com\/site\/wp-json\/wp\/v2\/product_tag?post=3496"}],"curies":[{"name":"wp","href":"https:\/\/api.w.org\/{rel}","templated":true}]}}