{"id":3510,"date":"2023-11-03T12:26:52","date_gmt":"2023-11-03T12:26:52","guid":{"rendered":"https:\/\/mueblesitalianos.com\/site\/?post_type=product&#038;p=3510"},"modified":"2023-11-04T07:51:37","modified_gmt":"2023-11-04T07:51:37","slug":"paris-black","status":"publish","type":"product","link":"https:\/\/mueblesitalianos.com\/site\/producto\/paris-black\/","title":{"rendered":"Paris Black"},"content":{"rendered":"<p>Paris M, dise\u00f1ada por Studio Job, es una l\u00e1mpara de mesa con forma de Torre Eiffel, ideal para celebrar la ic\u00f3nica Vie en Rose con un toque diferente en cada rinc\u00f3n de tu hogar.\u00a0Equipado con un difusor orientable de lat\u00f3n en forma de c\u00fapula.<\/p>\n","protected":false},"excerpt":{"rendered":"<p>Paris M, dise\u00f1ada por Studio Job, es una l\u00e1mpara de mesa con forma de Torre Eiffel, ideal para celebrar la ic\u00f3nica Vie en Rose con un toque diferente en cada rinc\u00f3n de tu hogar.\u00a0Equipado con un difusor orientable de lat\u00f3n en forma de c\u00fapula.<\/p>\n","protected":false},"featured_media":3690,"template":"","meta":{"_joinchat":[]},"product_cat":[93],"product_tag":[],"class_list":{"0":"post-3510","1":"product","2":"type-product","3":"status-publish","4":"has-post-thumbnail","6":"product_cat-qeeboo","8":"first","9":"instock","10":"shipping-taxable","11":"purchasable","12":"product-type-simple"},"aioseo_notices":[],"_links":{"self":[{"href":"https:\/\/mueblesitalianos.com\/site\/wp-json\/wp\/v2\/product\/3510","targetHints":{"allow":["GET"]}}],"collection":[{"href":"https:\/\/mueblesitalianos.com\/site\/wp-json\/wp\/v2\/product"}],"about":[{"href":"https:\/\/mueblesitalianos.com\/site\/wp-json\/wp\/v2\/types\/product"}],"wp:featuredmedia":[{"embeddable":true,"href":"https:\/\/mueblesitalianos.com\/site\/wp-json\/wp\/v2\/media\/3690"}],"wp:attachment":[{"href":"https:\/\/mueblesitalianos.com\/site\/wp-json\/wp\/v2\/media?parent=3510"}],"wp:term":[{"taxonomy":"product_cat","embeddable":true,"href":"https:\/\/mueblesitalianos.com\/site\/wp-json\/wp\/v2\/product_cat?post=3510"},{"taxonomy":"product_tag","embeddable":true,"href":"https:\/\/mueblesitalianos.com\/site\/wp-json\/wp\/v2\/product_tag?post=3510"}],"curies":[{"name":"wp","href":"https:\/\/api.w.org\/{rel}","templated":true}]}}