{"id":3515,"date":"2023-11-03T12:28:24","date_gmt":"2023-11-03T12:28:24","guid":{"rendered":"https:\/\/mueblesitalianos.com\/site\/?post_type=product&#038;p=3515"},"modified":"2023-11-04T07:52:40","modified_gmt":"2023-11-04T07:52:40","slug":"kong-xs-black","status":"publish","type":"product","link":"https:\/\/mueblesitalianos.com\/site\/producto\/kong-xs-black\/","title":{"rendered":"Kong XS Black"},"content":{"rendered":"<p>\u00a1Un gorila se apoder\u00f3 de tu sal\u00f3n!\u00a0Pero no hay nada que temer, Qeeboo Kong es un alma sensible y mansa encapsulada en una l\u00e1mpara de pie que sabr\u00e1 ser \u00fatil, iluminando todos tus mejores momentos con su brazo ajustable para dirigir el haz de luz en diferentes \u00e1ngulos.\u00a0Apto para ambientes interiores y exteriores.<\/p>\n","protected":false},"excerpt":{"rendered":"<p>\u00a1Un gorila se apoder\u00f3 de tu sal\u00f3n!\u00a0Pero no hay nada que temer, Qeeboo Kong es un alma sensible y mansa encapsulada en una l\u00e1mpara de pie que sabr\u00e1 ser \u00fatil, iluminando todos tus mejores momentos con su brazo ajustable para dirigir el haz de luz en diferentes \u00e1ngulos.\u00a0Apto para ambientes interiores y exteriores.<\/p>\n","protected":false},"featured_media":3688,"template":"","meta":{"_joinchat":[]},"product_cat":[93],"product_tag":[],"class_list":{"0":"post-3515","1":"product","2":"type-product","3":"status-publish","4":"has-post-thumbnail","6":"product_cat-qeeboo","8":"first","9":"instock","10":"shipping-taxable","11":"purchasable","12":"product-type-simple"},"aioseo_notices":[],"_links":{"self":[{"href":"https:\/\/mueblesitalianos.com\/site\/wp-json\/wp\/v2\/product\/3515","targetHints":{"allow":["GET"]}}],"collection":[{"href":"https:\/\/mueblesitalianos.com\/site\/wp-json\/wp\/v2\/product"}],"about":[{"href":"https:\/\/mueblesitalianos.com\/site\/wp-json\/wp\/v2\/types\/product"}],"wp:featuredmedia":[{"embeddable":true,"href":"https:\/\/mueblesitalianos.com\/site\/wp-json\/wp\/v2\/media\/3688"}],"wp:attachment":[{"href":"https:\/\/mueblesitalianos.com\/site\/wp-json\/wp\/v2\/media?parent=3515"}],"wp:term":[{"taxonomy":"product_cat","embeddable":true,"href":"https:\/\/mueblesitalianos.com\/site\/wp-json\/wp\/v2\/product_cat?post=3515"},{"taxonomy":"product_tag","embeddable":true,"href":"https:\/\/mueblesitalianos.com\/site\/wp-json\/wp\/v2\/product_tag?post=3515"}],"curies":[{"name":"wp","href":"https:\/\/api.w.org\/{rel}","templated":true}]}}