{"id":3526,"date":"2023-11-03T12:40:42","date_gmt":"2023-11-03T12:40:42","guid":{"rendered":"https:\/\/mueblesitalianos.com\/site\/?post_type=product&#038;p=3526"},"modified":"2023-11-04T07:55:25","modified_gmt":"2023-11-04T07:55:25","slug":"sweet-brothers-joe","status":"publish","type":"product","link":"https:\/\/mueblesitalianos.com\/site\/producto\/sweet-brothers-joe\/","title":{"rendered":"Sweet Brothers JOE"},"content":{"rendered":"<div class=\"relative\">\n<div class=\"cursor-none -mb-px relative h-full lg:pt-0 flex lg:block o3xOX\">\n<div class=\"mx-auto w-full h-full lg:h-screen-svh relative\">\n<div class=\"w-full h-full lg:h-screen relative lg:py-lg px-sm lg:pb-xl lg:pb-lg lg:px-0 visible z-10\">\n<div class=\"w-full h-full gfAQt\"><img fetchpriority=\"high\" decoding=\"async\" id=\"gid:\/\/shopify\/ImageSource\/30092806815969\" class=\"w-full h-full object-contain ppwwm\" src=\"https:\/\/cdn.shopify.com\/s\/files\/1\/2283\/1973\/products\/Qeeboo--Sweet-Brothers-JOE--design-Stefano-Giovannoni--08--black.png?v=1654527709\" alt=\"Negro\" width=\"1024\" height=\"1024\" data-src=\"https:\/\/cdn.shopify.com\/s\/files\/1\/2283\/1973\/products\/Qeeboo--Sweet-Brothers-JOE--design-Stefano-Giovannoni--08--black.png?v=1654527709\" \/><\/div>\n<\/div>\n<\/div>\n<div class=\"hidden pointer-events-none lg:block absolute left-[10vw] top-[10vh] w-[80vw] h-[75vh] z-10 overflow-hidden\"><\/div>\n<\/div>\n<div class=\"flex flex-wrap px-2xs pb-2xs lg:px-lg lg:pb-lg absolute bottom-0 left-0 right-0 z-10\">\n<div class=\"w-full lg:w-1\/2 flex flex-col gap-2xs justify-end\">\n<h1 class=\"h1 leading-none lg:w-4\/6\">Dulces hermanos JOE<\/h1>\n<div class=\"flex w-full justify-between uppercase text-2xs lg:text-xs leading-none\">\n<p>DISE\u00d1O DE STEFANO GIOVANNONI<\/p>\n<div class=\"flex gap-2\"><\/div>\n<\/div>\n<\/div>\n<div class=\"ja1s2\">\n<div class=\"flex gap-2\">\n<div class=\"hidden lg:block text-xs\">Negro<\/div>\n<div class=\"hidden lg:block text-xs\"><span class=\"\">189\u20ac<\/span><\/div>\n<\/div>\n<div class=\"flex items-center\">\n<div>\n<div class=\"flex gap-1 lg:gap-2\">\n<p><label class=\"ZbKOu\"><label class=\"ZbKOu\"><input class=\"sr-only\" type=\"radio\" value=\"Black\" \/><\/label><\/label><\/p>\n<div class=\"w-5 h-5 lg:w-3 lg:h-3 flex flex-col rounded-full overflow-hidden\">\n<div class=\"w-full h-full\"><\/div>\n<\/div>\n<p><label class=\"ZbKOu\"><label class=\"ZbKOu\"><input class=\"sr-only\" type=\"radio\" value=\"Light Blue\" \/><\/label><\/label><\/p>\n<div class=\"w-5 h-5 lg:w-3 lg:h-3 flex flex-col rounded-full overflow-hidden\">\n<div class=\"w-full h-full\"><\/div>\n<\/div>\n<p><label class=\"ZbKOu\"><label class=\"ZbKOu\"><input class=\"sr-only\" type=\"radio\" value=\"Terracotta\" \/><\/label><\/label><\/p>\n<div class=\"w-5 h-5 lg:w-3 lg:h-3 flex flex-col rounded-full overflow-hidden\">\n<div class=\"w-full h-full\"><\/div>\n<\/div>\n<p><label class=\"ZbKOu\"><label class=\"ZbKOu\"><input class=\"sr-only\" type=\"radio\" value=\"White\" \/><\/label><\/label><\/p>\n<div class=\"w-5 h-5 lg:w-3 lg:h-3 flex flex-col rounded-full overflow-hidden\">\n<div class=\"w-full h-full\"><\/div>\n<\/div>\n<p><label class=\"ZbKOu\"><label class=\"ZbKOu\"><input class=\"sr-only\" type=\"radio\" value=\"Yellow\" \/><\/label><\/label><\/p>\n<div class=\"w-5 h-5 lg:w-3 lg:h-3 flex flex-col rounded-full overflow-hidden\">\n<div class=\"w-full h-full\"><\/div>\n<\/div>\n<\/div>\n<\/div>\n<\/div>\n<p><button class=\"px-lg !w-full lg:!w-56 lg:px-0 LqiWB\" type=\"button\">A\u00d1ADIR A LA CESTA<\/button><\/p>\n<\/div>\n<\/div>\n<\/div>\n<div class=\"flex flex-col flex-wrap px-2xs lg:px-lg lg:pb-lg gap-xs\">\n<div class=\"-lIvn\">\n<div>\n<p>\u00a1La familia Golden Brothers se est\u00e1 expandiendo!\u00a0Conoce a Sweet Brothers JOE y sus hermanos ahora en diferentes colores suaves al tacto.\u00a0Encu\u00e9ntralos en negro, blanco, celeste, amarillo y terracota, asumiendo diferentes posturas.\u00a0Crean un paisaje animado que caracteriza la mesa y cada rinc\u00f3n de la casa.\u00a0Esta familia de l\u00e1mparas LED port\u00e1tiles que funcionan con bater\u00edas recargables est\u00e1 equipada con un interruptor de tacto suave.<\/p>\n<\/div>\n<\/div>\n<\/div>\n","protected":false},"excerpt":{"rendered":"<p>Dulces hermanos JOE DISE\u00d1O DE STEFANO GIOVANNONI Negro 189\u20ac A\u00d1ADIR A LA CESTA \u00a1La familia Golden Brothers se est\u00e1 expandiendo!\u00a0Conoce a Sweet Brothers JOE y sus hermanos ahora en diferentes colores suaves al tacto.\u00a0Encu\u00e9ntralos en negro, blanco, celeste, amarillo y terracota, asumiendo diferentes posturas.\u00a0Crean un paisaje animado que caracteriza la mesa y cada rinc\u00f3n de [&hellip;]<\/p>\n","protected":false},"featured_media":3686,"template":"","meta":{"_joinchat":[]},"product_cat":[93],"product_tag":[],"class_list":{"0":"post-3526","1":"product","2":"type-product","3":"status-publish","4":"has-post-thumbnail","6":"product_cat-qeeboo","7":"pa_color-blue","8":"pa_color-yellow","10":"first","11":"instock","12":"shipping-taxable","13":"purchasable","14":"product-type-simple"},"aioseo_notices":[],"_links":{"self":[{"href":"https:\/\/mueblesitalianos.com\/site\/wp-json\/wp\/v2\/product\/3526","targetHints":{"allow":["GET"]}}],"collection":[{"href":"https:\/\/mueblesitalianos.com\/site\/wp-json\/wp\/v2\/product"}],"about":[{"href":"https:\/\/mueblesitalianos.com\/site\/wp-json\/wp\/v2\/types\/product"}],"wp:featuredmedia":[{"embeddable":true,"href":"https:\/\/mueblesitalianos.com\/site\/wp-json\/wp\/v2\/media\/3686"}],"wp:attachment":[{"href":"https:\/\/mueblesitalianos.com\/site\/wp-json\/wp\/v2\/media?parent=3526"}],"wp:term":[{"taxonomy":"product_cat","embeddable":true,"href":"https:\/\/mueblesitalianos.com\/site\/wp-json\/wp\/v2\/product_cat?post=3526"},{"taxonomy":"product_tag","embeddable":true,"href":"https:\/\/mueblesitalianos.com\/site\/wp-json\/wp\/v2\/product_tag?post=3526"}],"curies":[{"name":"wp","href":"https:\/\/api.w.org\/{rel}","templated":true}]}}