{"id":3544,"date":"2023-11-03T12:49:52","date_gmt":"2023-11-03T12:49:52","guid":{"rendered":"https:\/\/mueblesitalianos.com\/site\/?post_type=product&#038;p=3544"},"modified":"2023-11-04T06:47:19","modified_gmt":"2023-11-04T06:47:19","slug":"geo-butaca-estructura-satin-brass","status":"publish","type":"product","link":"https:\/\/mueblesitalianos.com\/site\/producto\/geo-butaca-estructura-satin-brass\/","title":{"rendered":"GEO BUTACA ESTRUCTURA  SATIN BRASS"},"content":{"rendered":"<p>SAINT MORITZ COL.65<br \/>\nCat. ELITE<\/p>\n<p>A veces un nombre habla de un mundo, a veces un nombre es un mundo. Geo es un sill\u00f3n totalmente redondo, protagonista del espacio dom\u00e9stico. Generoso sin ser entrometido, acogedor sin ser sofocante, suave sin ser informe. Voluminoso pero ligero, gracias al particular dise\u00f1o de su estructura externa, Geo es como un nido suspendido en el vac\u00edo sostenido por peque\u00f1as ramas. Los vol\u00famenes han sido dise\u00f1ados con minuciosidad. Todo ello estudiado para dar vida a una criatura en la que lo mucho (el asiento) y lo poco (las patas) encuentran su justo equilibrio. La estructura met\u00e1lica de apoyo enriquece el proyecto garantizando asimismo una mayor pulcritud. Totalmente desenfundable.<\/p>\n","protected":false},"excerpt":{"rendered":"<p>SAINT MORITZ COL.65 Cat. ELITE A veces un nombre habla de un mundo, a veces un nombre es un mundo. Geo es un sill\u00f3n totalmente redondo, protagonista del espacio dom\u00e9stico. Generoso sin ser entrometido, acogedor sin ser sofocante, suave sin ser informe. Voluminoso pero ligero, gracias al particular dise\u00f1o de su estructura externa, Geo es [&hellip;]<\/p>\n","protected":false},"featured_media":3682,"template":"","meta":{"_joinchat":[]},"product_cat":[19],"product_tag":[],"class_list":{"0":"post-3544","1":"product","2":"type-product","3":"status-publish","4":"has-post-thumbnail","6":"product_cat-saba-collection","8":"first","9":"instock","10":"shipping-taxable","11":"purchasable","12":"product-type-simple"},"aioseo_notices":[],"_links":{"self":[{"href":"https:\/\/mueblesitalianos.com\/site\/wp-json\/wp\/v2\/product\/3544","targetHints":{"allow":["GET"]}}],"collection":[{"href":"https:\/\/mueblesitalianos.com\/site\/wp-json\/wp\/v2\/product"}],"about":[{"href":"https:\/\/mueblesitalianos.com\/site\/wp-json\/wp\/v2\/types\/product"}],"wp:featuredmedia":[{"embeddable":true,"href":"https:\/\/mueblesitalianos.com\/site\/wp-json\/wp\/v2\/media\/3682"}],"wp:attachment":[{"href":"https:\/\/mueblesitalianos.com\/site\/wp-json\/wp\/v2\/media?parent=3544"}],"wp:term":[{"taxonomy":"product_cat","embeddable":true,"href":"https:\/\/mueblesitalianos.com\/site\/wp-json\/wp\/v2\/product_cat?post=3544"},{"taxonomy":"product_tag","embeddable":true,"href":"https:\/\/mueblesitalianos.com\/site\/wp-json\/wp\/v2\/product_tag?post=3544"}],"curies":[{"name":"wp","href":"https:\/\/api.w.org\/{rel}","templated":true}]}}