{"id":3553,"date":"2023-11-03T13:57:43","date_gmt":"2023-11-03T13:57:43","guid":{"rendered":"https:\/\/mueblesitalianos.com\/site\/?post_type=product&#038;p=3553"},"modified":"2023-11-04T14:39:48","modified_gmt":"2023-11-04T14:39:48","slug":"sofa-big-kroko-sahara-sand","status":"publish","type":"product","link":"https:\/\/mueblesitalianos.com\/site\/producto\/sofa-big-kroko-sahara-sand\/","title":{"rendered":"Sofa BIG KROKO SAHARA SAND"},"content":{"rendered":"<p>Con su forma sutil pero inconfundible, Big Kroko es el sof\u00e1 lounge de dos plazas ideal para relajarse al aire libre.\u00a0A partir de una idea de s\u00edntesis entre escultura y proceso industrial, Marcantonio transforma con su iron\u00eda uno de los animales m\u00e1s iconogr\u00e1ficos en un asiento de formas redondas e inconfundibles, con claras referencias a la naturaleza y al arte contempor\u00e1neo.\u00a0Adem\u00e1s de los colores est\u00e1ndar, Big Kroko se presenta en tres variantes crom\u00e1ticas de biopl\u00e1stico procedente del refinado de la ca\u00f1a de az\u00facar, que recuerdan los colores naturales de la tierra y que SLIDE utiliza por primera vez en el mundo del dise\u00f1o.\u00a0Big Kroko tambi\u00e9n est\u00e1 disponible en la versi\u00f3n sill\u00f3n monoplaza Kroko y pertenece a la colecci\u00f3n Afrika junto con Threeb\u00f9, Threeb\u00f9 Totem, Threeb\u00f9 Pot y Threeb\u00f9 Party.<\/p>\n<p>110 cm DOVE<br \/>\nGREY<\/p>\n","protected":false},"excerpt":{"rendered":"<p>Con su forma sutil pero inconfundible, Big Kroko es el sof\u00e1 lounge de dos plazas ideal para relajarse al aire libre.\u00a0A partir de una idea de s\u00edntesis entre escultura y proceso industrial, Marcantonio transforma con su iron\u00eda uno de los animales m\u00e1s iconogr\u00e1ficos en un asiento de formas redondas e inconfundibles, con claras referencias a [&hellip;]<\/p>\n","protected":false},"featured_media":3711,"template":"","meta":{"_joinchat":[]},"product_cat":[17],"product_tag":[],"class_list":{"0":"post-3553","1":"product","2":"type-product","3":"status-publish","4":"has-post-thumbnail","6":"product_cat-slide-collection","8":"first","9":"instock","10":"shipping-taxable","11":"purchasable","12":"product-type-simple"},"aioseo_notices":[],"_links":{"self":[{"href":"https:\/\/mueblesitalianos.com\/site\/wp-json\/wp\/v2\/product\/3553","targetHints":{"allow":["GET"]}}],"collection":[{"href":"https:\/\/mueblesitalianos.com\/site\/wp-json\/wp\/v2\/product"}],"about":[{"href":"https:\/\/mueblesitalianos.com\/site\/wp-json\/wp\/v2\/types\/product"}],"wp:featuredmedia":[{"embeddable":true,"href":"https:\/\/mueblesitalianos.com\/site\/wp-json\/wp\/v2\/media\/3711"}],"wp:attachment":[{"href":"https:\/\/mueblesitalianos.com\/site\/wp-json\/wp\/v2\/media?parent=3553"}],"wp:term":[{"taxonomy":"product_cat","embeddable":true,"href":"https:\/\/mueblesitalianos.com\/site\/wp-json\/wp\/v2\/product_cat?post=3553"},{"taxonomy":"product_tag","embeddable":true,"href":"https:\/\/mueblesitalianos.com\/site\/wp-json\/wp\/v2\/product_tag?post=3553"}],"curies":[{"name":"wp","href":"https:\/\/api.w.org\/{rel}","templated":true}]}}