{"id":3567,"date":"2023-11-03T14:15:33","date_gmt":"2023-11-03T14:15:33","guid":{"rendered":"https:\/\/mueblesitalianos.com\/site\/?post_type=product&#038;p=3567"},"modified":"2023-11-04T14:37:06","modified_gmt":"2023-11-04T14:37:06","slug":"lamp-cubo","status":"publish","type":"product","link":"https:\/\/mueblesitalianos.com\/site\/producto\/lamp-cubo\/","title":{"rendered":"Lamp CUBO"},"content":{"rendered":"<p>25cm LIGHT<br \/>\nWHITE-RGB<br \/>\nLED 1.5 WATT<\/p>\n<p>Una forma sencilla pero muy eficaz, una luz delicada y suave: Cubo es una colecci\u00f3n multifuncional, ya que puede ser una l\u00e1mpara de pie, una mesa de centro o un taburete.\u00a0Disponible en diferentes tama\u00f1os, Cubo es uno de nuestros m\u00e1s vendidos.\u00a0Cubo es ideal para crear atm\u00f3sferas c\u00e1lidas en ambientes interiores o exteriores.\u00a0Cubo tambi\u00e9n est\u00e1 disponible en la versi\u00f3n est\u00e1ndar y con tapa de acero inoxidable, Kubo.<\/p>\n","protected":false},"excerpt":{"rendered":"<p>25cm LIGHT WHITE-RGB LED 1.5 WATT Una forma sencilla pero muy eficaz, una luz delicada y suave: Cubo es una colecci\u00f3n multifuncional, ya que puede ser una l\u00e1mpara de pie, una mesa de centro o un taburete.\u00a0Disponible en diferentes tama\u00f1os, Cubo es uno de nuestros m\u00e1s vendidos.\u00a0Cubo es ideal para crear atm\u00f3sferas c\u00e1lidas en ambientes [&hellip;]<\/p>\n","protected":false},"featured_media":3709,"template":"","meta":{"_joinchat":[]},"product_cat":[17],"product_tag":[],"class_list":{"0":"post-3567","1":"product","2":"type-product","3":"status-publish","4":"has-post-thumbnail","6":"product_cat-slide-collection","8":"first","9":"instock","10":"shipping-taxable","11":"purchasable","12":"product-type-simple"},"aioseo_notices":[],"_links":{"self":[{"href":"https:\/\/mueblesitalianos.com\/site\/wp-json\/wp\/v2\/product\/3567","targetHints":{"allow":["GET"]}}],"collection":[{"href":"https:\/\/mueblesitalianos.com\/site\/wp-json\/wp\/v2\/product"}],"about":[{"href":"https:\/\/mueblesitalianos.com\/site\/wp-json\/wp\/v2\/types\/product"}],"wp:featuredmedia":[{"embeddable":true,"href":"https:\/\/mueblesitalianos.com\/site\/wp-json\/wp\/v2\/media\/3709"}],"wp:attachment":[{"href":"https:\/\/mueblesitalianos.com\/site\/wp-json\/wp\/v2\/media?parent=3567"}],"wp:term":[{"taxonomy":"product_cat","embeddable":true,"href":"https:\/\/mueblesitalianos.com\/site\/wp-json\/wp\/v2\/product_cat?post=3567"},{"taxonomy":"product_tag","embeddable":true,"href":"https:\/\/mueblesitalianos.com\/site\/wp-json\/wp\/v2\/product_tag?post=3567"}],"curies":[{"name":"wp","href":"https:\/\/api.w.org\/{rel}","templated":true}]}}