{"id":3573,"date":"2023-11-03T14:16:57","date_gmt":"2023-11-03T14:16:57","guid":{"rendered":"https:\/\/mueblesitalianos.com\/site\/?post_type=product&#038;p=3573"},"modified":"2023-11-04T14:36:58","modified_gmt":"2023-11-04T14:36:58","slug":"lamp-globo","status":"publish","type":"product","link":"https:\/\/mueblesitalianos.com\/site\/producto\/lamp-globo\/","title":{"rendered":"Lamp GLOBO"},"content":{"rendered":"<p>25cm LIGHT<br \/>\nWHITE-RGB<br \/>\nLED 3 WATT<\/p>\n<p>Globo es una de las colecciones m\u00e1s vendidas de la producci\u00f3n SLIDE, que ha hecho famosa e imitada a la empresa en todo el mundo.\u00a0La colecci\u00f3n de l\u00e1mparas de mesa y de pie, fabricadas en polietileno con tecnolog\u00eda de moldeo rotacional, est\u00e1 formada por esferas simples que, una vez iluminadas, crean ambientes elegantes, evocadores, contempor\u00e1neos y de tendencia.\u00a0La forma lineal y minimalista y la luz suave hacen de la colecci\u00f3n Globo un imprescindible para el hogar privado y el contract.\u00a0Globo es una colecci\u00f3n completa que incluye tambi\u00e9n las versiones de exterior, de suspensi\u00f3n y de pared.<\/p>\n","protected":false},"excerpt":{"rendered":"<p>25cm LIGHT WHITE-RGB LED 3 WATT Globo es una de las colecciones m\u00e1s vendidas de la producci\u00f3n SLIDE, que ha hecho famosa e imitada a la empresa en todo el mundo.\u00a0La colecci\u00f3n de l\u00e1mparas de mesa y de pie, fabricadas en polietileno con tecnolog\u00eda de moldeo rotacional, est\u00e1 formada por esferas simples que, una vez [&hellip;]<\/p>\n","protected":false},"featured_media":3708,"template":"","meta":{"_joinchat":[]},"product_cat":[17],"product_tag":[],"class_list":{"0":"post-3573","1":"product","2":"type-product","3":"status-publish","4":"has-post-thumbnail","6":"product_cat-slide-collection","8":"first","9":"instock","10":"shipping-taxable","11":"purchasable","12":"product-type-simple"},"aioseo_notices":[],"_links":{"self":[{"href":"https:\/\/mueblesitalianos.com\/site\/wp-json\/wp\/v2\/product\/3573","targetHints":{"allow":["GET"]}}],"collection":[{"href":"https:\/\/mueblesitalianos.com\/site\/wp-json\/wp\/v2\/product"}],"about":[{"href":"https:\/\/mueblesitalianos.com\/site\/wp-json\/wp\/v2\/types\/product"}],"wp:featuredmedia":[{"embeddable":true,"href":"https:\/\/mueblesitalianos.com\/site\/wp-json\/wp\/v2\/media\/3708"}],"wp:attachment":[{"href":"https:\/\/mueblesitalianos.com\/site\/wp-json\/wp\/v2\/media?parent=3573"}],"wp:term":[{"taxonomy":"product_cat","embeddable":true,"href":"https:\/\/mueblesitalianos.com\/site\/wp-json\/wp\/v2\/product_cat?post=3573"},{"taxonomy":"product_tag","embeddable":true,"href":"https:\/\/mueblesitalianos.com\/site\/wp-json\/wp\/v2\/product_tag?post=3573"}],"curies":[{"name":"wp","href":"https:\/\/api.w.org\/{rel}","templated":true}]}}