{"id":3581,"date":"2023-11-03T14:30:30","date_gmt":"2023-11-03T14:30:30","guid":{"rendered":"https:\/\/mueblesitalianos.com\/site\/?post_type=product&#038;p=3581"},"modified":"2023-11-04T14:36:35","modified_gmt":"2023-11-04T14:36:35","slug":"table-lamp-fiamma","status":"publish","type":"product","link":"https:\/\/mueblesitalianos.com\/site\/producto\/table-lamp-fiamma\/","title":{"rendered":"Table lamp FIAMMA"},"content":{"rendered":"<p>\u00d812<br \/>\n30h LIGHT<br \/>\nWHITE 1W LED<\/p>\n<p>Fiamma y Fiammetta est\u00e1n ligadas al amor, al romanticismo y a la calidez del hogar: una luz para iluminar tus vacaciones navide\u00f1as, transformando un objeto tradicional en un must have con un dise\u00f1o contempor\u00e1neo y casi caricaturesco.\u00a0Fiamma y Fiammetta son ideales como centros de mesa gracias a la iluminaci\u00f3n a pilas con la que est\u00e1n equipadas.\u00a0El efecto difuminado de la luz se ve acentuado por la textura que cubre toda la superficie.\u00a0La textura, multitud de l\u00edneas verticales, crea un efecto de movimiento y estiliza el producto, haci\u00e9ndolo a\u00fan m\u00e1s elegante.<\/p>\n","protected":false},"excerpt":{"rendered":"<p>\u00d812 30h LIGHT WHITE 1W LED Fiamma y Fiammetta est\u00e1n ligadas al amor, al romanticismo y a la calidez del hogar: una luz para iluminar tus vacaciones navide\u00f1as, transformando un objeto tradicional en un must have con un dise\u00f1o contempor\u00e1neo y casi caricaturesco.\u00a0Fiamma y Fiammetta son ideales como centros de mesa gracias a la iluminaci\u00f3n [&hellip;]<\/p>\n","protected":false},"featured_media":3706,"template":"","meta":{"_joinchat":[]},"product_cat":[17],"product_tag":[],"class_list":{"0":"post-3581","1":"product","2":"type-product","3":"status-publish","4":"has-post-thumbnail","6":"product_cat-slide-collection","8":"first","9":"instock","10":"shipping-taxable","11":"purchasable","12":"product-type-simple"},"aioseo_notices":[],"_links":{"self":[{"href":"https:\/\/mueblesitalianos.com\/site\/wp-json\/wp\/v2\/product\/3581","targetHints":{"allow":["GET"]}}],"collection":[{"href":"https:\/\/mueblesitalianos.com\/site\/wp-json\/wp\/v2\/product"}],"about":[{"href":"https:\/\/mueblesitalianos.com\/site\/wp-json\/wp\/v2\/types\/product"}],"wp:featuredmedia":[{"embeddable":true,"href":"https:\/\/mueblesitalianos.com\/site\/wp-json\/wp\/v2\/media\/3706"}],"wp:attachment":[{"href":"https:\/\/mueblesitalianos.com\/site\/wp-json\/wp\/v2\/media?parent=3581"}],"wp:term":[{"taxonomy":"product_cat","embeddable":true,"href":"https:\/\/mueblesitalianos.com\/site\/wp-json\/wp\/v2\/product_cat?post=3581"},{"taxonomy":"product_tag","embeddable":true,"href":"https:\/\/mueblesitalianos.com\/site\/wp-json\/wp\/v2\/product_tag?post=3581"}],"curies":[{"name":"wp","href":"https:\/\/api.w.org\/{rel}","templated":true}]}}