{"id":3584,"date":"2023-11-03T14:35:14","date_gmt":"2023-11-03T14:35:14","guid":{"rendered":"https:\/\/mueblesitalianos.com\/site\/?post_type=product&#038;p=3584"},"modified":"2023-11-04T14:36:27","modified_gmt":"2023-11-04T14:36:27","slug":"mara-armchair","status":"publish","type":"product","link":"https:\/\/mueblesitalianos.com\/site\/producto\/mara-armchair\/","title":{"rendered":"MARA ARMCHAIR"},"content":{"rendered":"<p>106 x94 h<br \/>\n75 cm<br \/>\nSAHARA SAND<\/p>\n<p>El tejido del cuero cobra vida a lo largo de la textura de la estructura de Mara, un sill\u00f3n lounge dise\u00f1ado por Lorenza Bozzoli.\u00a0La textura \u00fanica combina bien con los cojines de tejido impermeable aptos para exteriores.\u00a0El c\u00f3modo asiento hace que Mara sea ideal para proyectos contract en tejados, jardines y interiores.\u00a0Mara es una colecci\u00f3n compuesta tambi\u00e9n por el sof\u00e1 de dos plazas Mara Sofa y un puf Mara Pouf.<\/p>\n","protected":false},"excerpt":{"rendered":"<p>106 x94 h 75 cm SAHARA SAND El tejido del cuero cobra vida a lo largo de la textura de la estructura de Mara, un sill\u00f3n lounge dise\u00f1ado por Lorenza Bozzoli.\u00a0La textura \u00fanica combina bien con los cojines de tejido impermeable aptos para exteriores.\u00a0El c\u00f3modo asiento hace que Mara sea ideal para proyectos contract en [&hellip;]<\/p>\n","protected":false},"featured_media":3705,"template":"","meta":{"_joinchat":[]},"product_cat":[17],"product_tag":[],"class_list":{"0":"post-3584","1":"product","2":"type-product","3":"status-publish","4":"has-post-thumbnail","6":"product_cat-slide-collection","8":"first","9":"instock","10":"shipping-taxable","11":"purchasable","12":"product-type-simple"},"aioseo_notices":[],"_links":{"self":[{"href":"https:\/\/mueblesitalianos.com\/site\/wp-json\/wp\/v2\/product\/3584","targetHints":{"allow":["GET"]}}],"collection":[{"href":"https:\/\/mueblesitalianos.com\/site\/wp-json\/wp\/v2\/product"}],"about":[{"href":"https:\/\/mueblesitalianos.com\/site\/wp-json\/wp\/v2\/types\/product"}],"wp:featuredmedia":[{"embeddable":true,"href":"https:\/\/mueblesitalianos.com\/site\/wp-json\/wp\/v2\/media\/3705"}],"wp:attachment":[{"href":"https:\/\/mueblesitalianos.com\/site\/wp-json\/wp\/v2\/media?parent=3584"}],"wp:term":[{"taxonomy":"product_cat","embeddable":true,"href":"https:\/\/mueblesitalianos.com\/site\/wp-json\/wp\/v2\/product_cat?post=3584"},{"taxonomy":"product_tag","embeddable":true,"href":"https:\/\/mueblesitalianos.com\/site\/wp-json\/wp\/v2\/product_tag?post=3584"}],"curies":[{"name":"wp","href":"https:\/\/api.w.org\/{rel}","templated":true}]}}